{"id":6730,"date":"2024-05-23T20:57:06","date_gmt":"2024-05-23T20:57:06","guid":{"rendered":"https:\/\/alpin.italic.ro\/?page_id=6730"},"modified":"2024-07-08T23:30:48","modified_gmt":"2024-07-08T23:30:48","slug":"solicita-oferta","status":"publish","type":"page","link":"https:\/\/alpinsun.ro\/en\/solicita-oferta\/","title":{"rendered":"Solicit\u0103 Ofert\u0103"},"content":{"rendered":"<div data-elementor-type=\"wp-page\" data-elementor-id=\"6730\" class=\"elementor elementor-6730\">\n\t\t\t\t        <section class=\"elementor-section elementor-top-section elementor-element elementor-element-fed569d elementor-section-stretched elementor-section-boxed elementor-section-height-default elementor-section-height-default pxl-type-header-none pxl-bg-color-none pxl-row-scroll-none\" data-id=\"fed569d\" data-element_type=\"section\" data-e-type=\"section\" data-settings=\"{&quot;stretch_section&quot;:&quot;section-stretched&quot;,&quot;background_background&quot;:&quot;classic&quot;}\">\n\n                            <div class=\"elementor-background-overlay\"><\/div>\n            \n                <div class=\"elementor-container elementor-column-gap-extended\">\n                <div class=\"elementor-column elementor-col-50 elementor-top-column elementor-element elementor-element-c04582f pxl_section_offset-none pxl-container-width-container-1200 pxl-col-none pxl-column-none\" data-id=\"c04582f\" data-element_type=\"column\" data-e-type=\"column\">\r\n        <div class=\"elementor-widget-wrap elementor-element-populated\">\r\n                     \r\n        \t\t<div class=\"elementor-element elementor-element-2f603a2 elementor-invisible elementor-widget elementor-widget-pxl_heading\" data-id=\"2f603a2\" data-element_type=\"widget\" data-e-type=\"widget\" data-settings=\"{&quot;_animation&quot;:&quot;fadeInDown&quot;}\" data-widget_type=\"pxl_heading.default\">\n\t\t\t\t<div class=\"elementor-widget-container\">\n\t\t\t\t\t<div class=\"pxl-heading inherit\">\n\t<div class=\"pxl-heading--inner\">\n\t\t\t\t\t<div class=\"pxl-item--subtitle default\" data-wow-delay=\"ms\">\n\t\t\t\t<div class=\"wrap-subtitle\">\n\t\t\t\t\t<span>Where solar meets alpine precision<\/span>\n\t\t\t\t<\/div>\n\t\t\t<\/div>\n\t\t\t\t<h3 class=\"pxl-item--title  highlight-default\" data-wow-delay=\"ms\" >\n\t\tSolu\u021bii energetice \n\n\n\t\t\t\t\n\t\t<\/h3>\n\t<\/div>\n<\/div>\n\n\t\t\t\t<\/div>\n\t\t\t\t<\/div>\n\t\t\t\t<div class=\"elementor-element elementor-element-0248854 elementor-widget elementor-widget-pxl_text_editor\" data-id=\"0248854\" data-element_type=\"widget\" data-e-type=\"widget\" data-widget_type=\"pxl_text_editor.default\">\n\t\t\t\t<div class=\"elementor-widget-container\">\n\t\t\t\t\t<div class=\"pxl-text-editor\">\n\t<div class=\"pxl-item--inner  ft-theme\" data-wow-delay=\"ms\">\n\t\t<p>Echipa noastr\u0103 este preg\u0103tit\u0103 s\u0103 \u00ee\u021bi ofere solu\u021bii complete pentru instalarea panourilor fotovoltaice, garant\u00e2nd calitate \u0219i eficien\u021b\u0103. Cu o vast\u0103 experien\u021b\u0103 \u00een domeniul energiei fotovoltaice, transform\u0103m proiectul t\u0103u \u00eentr-un succes. Profit\u0103 de expertiza noastr\u0103 pentru a optimiza consumul energetic \u0219i pentru a investi \u00eentr-un viitor sustenabil. Solicit\u0103 o ofert\u0103 pentru a primi pentru a beneficia de suportul nostru \u00een fiecare etap\u0103 a procesului.\u00a0<\/p>\t<\/div>\n<\/div>\t\t\t\t<\/div>\n\t\t\t\t<\/div>\n\t\t        <section class=\"elementor-section elementor-inner-section elementor-element elementor-element-0547994 elementor-section-boxed elementor-section-height-default elementor-section-height-default pxl-type-header-none pxl-bg-color-none pxl-row-scroll-none\" data-id=\"0547994\" data-element_type=\"section\" data-e-type=\"section\">\n\n                \n                <div class=\"elementor-container elementor-column-gap-default\">\n                <div class=\"elementor-column elementor-col-50 elementor-inner-column elementor-element elementor-element-81d1045 pxl_section_offset-none pxl-container-width-container-1200 pxl-col-none pxl-column-none\" data-id=\"81d1045\" data-element_type=\"column\" data-e-type=\"column\">\r\n        <div class=\"elementor-widget-wrap elementor-element-populated\">\r\n                     \r\n        \t\t<div class=\"elementor-element elementor-element-a11ae84 elementor-widget elementor-widget-pxl_heading\" data-id=\"a11ae84\" data-element_type=\"widget\" data-e-type=\"widget\" data-widget_type=\"pxl_heading.default\">\n\t\t\t\t<div class=\"elementor-widget-container\">\n\t\t\t\t\t<div class=\"pxl-heading inherit\">\n\t<div class=\"pxl-heading--inner\">\n\t\t\t\t<h3 class=\"pxl-item--title  highlight-default\" data-wow-delay=\"ms\" >\n\t\tSolicit\u0103 oferta!\n\n\n\t\t\t\t\n\t\t<\/h3>\n\t<\/div>\n<\/div>\n\n\t\t\t\t<\/div>\n\t\t\t\t<\/div>\n\t\t\t\t<div class=\"elementor-element elementor-element-001ec5c elementor-widget elementor-widget-pxl_text_editor\" data-id=\"001ec5c\" data-element_type=\"widget\" data-e-type=\"widget\" data-widget_type=\"pxl_text_editor.default\">\n\t\t\t\t<div class=\"elementor-widget-container\">\n\t\t\t\t\t<div class=\"pxl-text-editor\">\n\t<div class=\"pxl-item--inner  ft-theme\" data-wow-delay=\"ms\">\n\t\t<p>Haide s\u0103 discut\u0103m mai multe despre proiectul t\u0103u!<\/p>\t<\/div>\n<\/div>\t\t\t\t<\/div>\n\t\t\t\t<\/div>\n\t\t\t\t<div class=\"elementor-element elementor-element-8296f17 elementor-widget elementor-widget-pxl_button\" data-id=\"8296f17\" data-element_type=\"widget\" data-e-type=\"widget\" data-widget_type=\"pxl_button.default\">\n\t\t\t\t<div class=\"elementor-widget-container\">\n\t\t\t\t\t<div class=\"pxl-button\">\r\n    <a class=\"btn ft-walsheim btn-secondary pxl-icon--left\" href=\"\/en\/contact\/\" data-wow-delay=\"ms\">\r\n                            <span class=\"pxl--btn-text pxl-wobble\" data-text=\"CONTACTEAZA-NE\" data-animation=\"pxl-xspin\">\r\n                <span>C<\/span><span>O<\/span><span>N<\/span><span>T<\/span><span>A<\/span><span>C<\/span><span>T<\/span><span>E<\/span><span>A<\/span><span>Z<\/span><span>A<\/span><span>-<\/span><span>N<\/span><span>E<\/span>            <\/span>\r\n            <\/a>\r\n<\/div>\t\t\t\t<\/div>\n\t\t\t\t<\/div>\n\t\t            <\/div>\r\n        <\/div>\r\n                <div class=\"elementor-column elementor-col-50 elementor-inner-column elementor-element elementor-element-a1c0c64 pxl_section_offset-none pxl-container-width-container-1200 pxl-col-none pxl-column-none elementor-invisible\" data-id=\"a1c0c64\" data-element_type=\"column\" data-e-type=\"column\" data-settings=\"{&quot;animation&quot;:&quot;fadeIn&quot;}\">\r\n        <div class=\"elementor-widget-wrap elementor-element-populated\">\r\n                     \r\n        \t\t<div class=\"elementor-element elementor-element-67622c8 elementor-hidden-mobile elementor-widget elementor-widget-pxl_icon_box\" data-id=\"67622c8\" data-element_type=\"widget\" data-e-type=\"widget\" data-widget_type=\"pxl_icon_box.default\">\n\t\t\t\t<div class=\"elementor-widget-container\">\n\t\t\t\t\t<div class=\"pxl-icon-box pxl-icon-box6\" data-wow-delay=\"ms\">\r\n    <div class=\"pxl-item--inner\">\r\n                    <div class=\"pxl-item--icon\">\r\n                <i aria-hidden=\"true\" class=\"flaticon flaticon-lighting\"><\/i>            <\/div>\r\n                        <div class=\"pxl-item--holder\">\r\n            <div class=\"pxl-item--title el-empty\">\r\n                Energia viitorului, la un click distan\u021b\u0103!            <\/div>\r\n            <a >\r\n                          <\/a> \r\n       <\/div>\r\n   <\/div>\r\n<\/div>\r\n\r\n\t\t\t\t<\/div>\n\t\t\t\t<\/div>\n\t\t            <\/div>\r\n        <\/div>\r\n        \t\t\t<\/div>\n\t\t<\/section>\n\t\t            <\/div>\r\n        <\/div>\r\n                <div class=\"elementor-column elementor-col-50 elementor-top-column elementor-element elementor-element-0b5366a pxl_section_offset-none pxl-container-width-container-1200 pxl-col-none pxl-column-none\" data-id=\"0b5366a\" data-element_type=\"column\" data-e-type=\"column\">\r\n        <div class=\"elementor-widget-wrap elementor-element-populated\">\r\n                     \r\n        \t\t<div class=\"elementor-element elementor-element-af110ce elementor-invisible elementor-widget elementor-widget-pxl_contact_form\" data-id=\"af110ce\" data-element_type=\"widget\" data-e-type=\"widget\" data-settings=\"{&quot;_animation&quot;:&quot;fadeInRight&quot;}\" data-widget_type=\"pxl_contact_form.default\">\n\t\t\t\t<div class=\"elementor-widget-container\">\n\t\t\t\t\t    <div class=\"pxl-contact-form pxl-contact-form1 button-style1 btn-w-auto\" data-wow-delay=\"ms\">\r\n        \n<div class=\"wpcf7 no-js\" id=\"wpcf7-f7115-o1\" lang=\"en-US\" dir=\"ltr\" data-wpcf7-id=\"7115\">\n<div class=\"screen-reader-response\"><p role=\"status\" aria-live=\"polite\" aria-atomic=\"true\"><\/p> <ul><\/ul><\/div>\n<form action=\"\/en\/wp-json\/wp\/v2\/pages\/6730#wpcf7-f7115-o1\" method=\"post\" class=\"wpcf7-form init\" aria-label=\"Contact form\" novalidate=\"novalidate\" data-status=\"init\" data-trp-original-action=\"\/en\/wp-json\/wp\/v2\/pages\/6730#wpcf7-f7115-o1\">\n<fieldset class=\"hidden-fields-container\"><input type=\"hidden\" name=\"_wpcf7\" value=\"7115\" \/><input type=\"hidden\" name=\"_wpcf7_version\" value=\"6.1.5\" \/><input type=\"hidden\" name=\"_wpcf7_locale\" value=\"en_US\" \/><input type=\"hidden\" name=\"_wpcf7_unit_tag\" value=\"wpcf7-f7115-o1\" \/><input type=\"hidden\" name=\"_wpcf7_container_post\" value=\"0\" \/><input type=\"hidden\" name=\"_wpcf7_posted_data_hash\" value=\"\" \/><input type=\"hidden\" name=\"_wpcf7_recaptcha_response\" value=\"\" \/>\n<\/fieldset>\n<div class=\"uacf7-form-wrapper-container uacf7-form-7115\"><style>\n.pxl-select-higthlight{\n    background-color: #f6f6f6 !important;\n}\n<\/style>\n\n<div class=\"wp-row-ctf7 contact-form-home\">\n    <div class=\"pxl-logo-form\"><\/div>\n    <div class=\"pxl-logo-form-2\"><\/div>\n    <h3 class=\"pxl-title-form\">Contact us<\/h3>\n    <div class=\"row input-contact\">\n        <div class=\"col-xl-12 col-lg-12 col-md-12 col-sm-12 input-name\">\n            <div class=\"input-filled\"><span class=\"wpcf7-form-control-wrap\" data-name=\"your-name\"><input size=\"40\" maxlength=\"400\" class=\"wpcf7-form-control wpcf7-text wpcf7-validates-as-required\" aria-required=\"true\" aria-invalid=\"false\" placeholder=\"Full Name\" value=\"\" type=\"text\" name=\"your-name\" \/><\/span><\/div>\n        <\/div>\n        <div class=\"col-xl-6 col-lg-6 col-md-12 col-sm-12 input-email\">\n            <div class=\"input-filled\"><span class=\"wpcf7-form-control-wrap\" data-name=\"your-email\"><input size=\"40\" maxlength=\"400\" class=\"wpcf7-form-control wpcf7-email wpcf7-validates-as-required wpcf7-text wpcf7-validates-as-email\" aria-required=\"true\" aria-invalid=\"false\" placeholder=\"Email\" value=\"\" type=\"email\" name=\"your-email\" \/><\/span><\/div>\n        <\/div>\n        <div class=\"col-xl-6 col-lg-6 col-md-12 col-sm-12 input-phone\">\n            <div class=\"input-filled\"><span class=\"wpcf7-form-control-wrap\" data-name=\"your-phone\"><input size=\"40\" maxlength=\"400\" class=\"wpcf7-form-control wpcf7-tel wpcf7-validates-as-required wpcf7-text wpcf7-validates-as-tel\" aria-required=\"true\" aria-invalid=\"false\" placeholder=\"Phone\" value=\"\" type=\"tel\" name=\"your-phone\" \/><\/span><\/div>\n        <\/div>\n        <div class=\"col-xl-12 col-lg-12 col-md-12 col-sm-12\" style=\"margin-bottom: 10px\">\n            <div class=\"input-filled\"><span class=\"wpcf7-form-control-wrap\" data-name=\"pf-pj\"><select class=\"wpcf7-form-control wpcf7-select wpcf7-validates-as-required\" aria-required=\"true\" aria-invalid=\"false\" name=\"pf-pj\"><option value=\"\">-Persoan\u0103-<\/option><option value=\"Persoan\u0103 Fizic\u0103\">Persoan\u0103 Fizic\u0103<\/option><option value=\"Persoan\u0103 Juridic\u0103\">Persoan\u0103 Juridic\u0103<\/option><\/select><\/span><\/div>\n        <\/div>\n        <div class=\"col-xl-12 col-lg-12 col-md-12 col-sm-12 input-name\">\n              <div class=\"input-filled\"><span class=\"wpcf7-form-control-wrap\" data-name=\"pj-name\"><input size=\"40\" maxlength=\"400\" class=\"wpcf7-form-control wpcf7-text\" aria-invalid=\"false\" placeholder=\"Denumire Companie (persoane juridice)\" value=\"\" type=\"text\" name=\"pj-name\" \/><\/span><\/div>    \n         <\/div>\n\n      <div class=\"col-xl-6 col-lg-6 col-md-12 col-sm-12\" style=\"margin-bottom: 10px\">\n            <div class=\"input-filled\"><span class=\"wpcf7-form-control-wrap\" data-name=\"install_type\"><select class=\"wpcf7-form-control wpcf7-select wpcf7-validates-as-required\" aria-required=\"true\" aria-invalid=\"false\" name=\"install_type\"><option value=\"\">-Tipul Instala\u021biei-<\/option><option value=\"Reziden\u021bial\">Reziden\u021bial<\/option><option value=\"Comercial\">Comercial<\/option><option value=\"Industrial\">Industrial<\/option><option value=\"Free Field\">Free Field<\/option><\/select><\/span><\/div>\n        <\/div>\n    <div class=\"col-xl-6 col-lg-6 col-md-12 col-sm-12\" style=\"margin-bottom: 10px\">\n            <div class=\"input-filled\"><span class=\"wpcf7-form-control-wrap\" data-name=\"scope\"><select class=\"wpcf7-form-control wpcf7-select wpcf7-validates-as-required\" aria-required=\"true\" aria-invalid=\"false\" name=\"scope\"><option value=\"\">-Scop-<\/option><option value=\"Acoperire Consum\">Acoperire Consum<\/option><option value=\"Prosumator\">Prosumator<\/option><option value=\"Produc\u0103tor de Energie\">Produc\u0103tor de Energie<\/option><\/select><\/span><\/div>\n        <\/div>\n  <div class=\"col-xl-12 col-lg-12 col-md-12 col-sm-12 input\">\n            <div class=\"input-filled\"><span class=\"wpcf7-form-control-wrap\" data-name=\"estimation\"><input class=\"wpcf7-form-control wpcf7-number wpcf7-validates-as-required wpcf7-validates-as-number\" min=\"1\" aria-required=\"true\" aria-invalid=\"false\" placeholder=\"Puterea instalat\u0103 propus\u0103\" value=\"\" type=\"number\" name=\"estimation\" \/><\/span><\/div>\n        <\/div>\n        <div class=\"col-xl-12 col-lg-12 col-md-12 col-sm-12 input-text-area\">\n            <div class=\"input-filled\"><span class=\"wpcf7-form-control-wrap\" data-name=\"your-message\"><textarea cols=\"10\" rows=\"2\" maxlength=\"2000\" class=\"wpcf7-form-control wpcf7-textarea\" aria-invalid=\"false\" placeholder=\"Additional Information\" name=\"your-message\"><\/textarea><\/span><\/div>\n        <\/div>\n        <div class=\"col-xl-12 col-lg-12 col-md-12 col-sm-12 submit-form btn-input\">\n            <button type=\"submit\" class=\"btn btn-primary pxl-wobble\" data-animation=\"pxl-xspin\">Send<\/button>\n        <\/div>\n    <\/div>\n<\/div><\/div><div class=\"wpcf7-response-output\" aria-hidden=\"true\"><\/div>\n<input type=\"hidden\" name=\"trp-form-language\" value=\"en\"\/><\/form>\n<\/div>\n    <\/div>\r\n\t\t\t\t<\/div>\n\t\t\t\t<\/div>\n\t\t            <\/div>\r\n        <\/div>\r\n        \t\t\t<\/div>\n\t\t<\/section>\n\t\t\t\t<\/div>","protected":false},"excerpt":{"rendered":"<p>Where solar meets alpine precision Solu\u021bii energetice Echipa noastr\u0103 este preg\u0103tit\u0103 s\u0103 \u00ee\u021bi ofere solu\u021bii complete pentru instalarea panourilor fotovoltaice, garant\u00e2nd calitate \u0219i eficien\u021b\u0103. Cu o vast\u0103 experien\u021b\u0103 \u00een domeniul energiei fotovoltaice, transform\u0103m proiectul t\u0103u \u00eentr-un succes. Profit\u0103 de expertiza noastr\u0103 pentru a optimiza consumul energetic \u0219i pentru a investi \u00eentr-un viitor sustenabil. Solicit\u0103 o [&hellip;]<\/p>\n","protected":false},"author":48882156851217,"featured_media":0,"parent":0,"menu_order":0,"comment_status":"closed","ping_status":"closed","template":"","meta":{"footnotes":""},"class_list":["post-6730","page","type-page","status-publish","hentry"],"_links":{"self":[{"href":"https:\/\/alpinsun.ro\/en\/wp-json\/wp\/v2\/pages\/6730","targetHints":{"allow":["GET"]}}],"collection":[{"href":"https:\/\/alpinsun.ro\/en\/wp-json\/wp\/v2\/pages"}],"about":[{"href":"https:\/\/alpinsun.ro\/en\/wp-json\/wp\/v2\/types\/page"}],"author":[{"embeddable":true,"href":"https:\/\/alpinsun.ro\/en\/wp-json\/wp\/v2\/users\/48882156851217"}],"replies":[{"embeddable":true,"href":"https:\/\/alpinsun.ro\/en\/wp-json\/wp\/v2\/comments?post=6730"}],"version-history":[{"count":44,"href":"https:\/\/alpinsun.ro\/en\/wp-json\/wp\/v2\/pages\/6730\/revisions"}],"predecessor-version":[{"id":7616,"href":"https:\/\/alpinsun.ro\/en\/wp-json\/wp\/v2\/pages\/6730\/revisions\/7616"}],"wp:attachment":[{"href":"https:\/\/alpinsun.ro\/en\/wp-json\/wp\/v2\/media?parent=6730"}],"curies":[{"name":"wp","href":"https:\/\/api.w.org\/{rel}","templated":true}]}}