{"id":6696,"date":"2024-05-23T20:11:53","date_gmt":"2024-05-23T20:11:53","guid":{"rendered":"https:\/\/alpin.italic.ro\/?page_id=6696"},"modified":"2024-11-01T09:56:56","modified_gmt":"2024-11-01T09:56:56","slug":"politica-de-retur","status":"publish","type":"page","link":"https:\/\/alpinsun.ro\/en\/politica-de-retur\/","title":{"rendered":"Return Policy"},"content":{"rendered":"<div data-elementor-type=\"wp-page\" data-elementor-id=\"6696\" class=\"elementor elementor-6696\">\n\t\t\t\t        <section class=\"elementor-section elementor-top-section elementor-element elementor-element-c07872c elementor-section-boxed elementor-section-height-default elementor-section-height-default pxl-type-header-none pxl-bg-color-none pxl-row-scroll-none\" data-id=\"c07872c\" data-element_type=\"section\" data-e-type=\"section\">\n\n                \n                <div class=\"elementor-container elementor-column-gap-default\">\n                <div class=\"elementor-column elementor-col-100 elementor-top-column elementor-element elementor-element-eaf9421 pxl_section_offset-none pxl-container-width-container-1200 pxl-col-none pxl-column-none\" data-id=\"eaf9421\" data-element_type=\"column\" data-e-type=\"column\">\r\n        <div class=\"elementor-widget-wrap elementor-element-populated\">\r\n                     \r\n        \t\t<div class=\"elementor-element elementor-element-33fc618 elementor-widget elementor-widget-text-editor\" data-id=\"33fc618\" data-element_type=\"widget\" data-e-type=\"widget\" data-widget_type=\"text-editor.default\">\n\t\t\t\t<div class=\"elementor-widget-container\">\n\t\t\t\t\t\t\t\t\t<p>You can request product returns in the following situations:<\/p><ul><li><p><strong>Product not conforming to the specifications on the website:<\/strong> If the ordered product does not meet the specifications in our offer, you have the right to request its return for replacement or a full refund. If a higher value product is chosen to be replaced, you will pay the difference in price. If the value of the replacement product is less, you will be partially refunded up to the value of the replacement product. Return and shipping costs for the replacement product, if applicable, will be borne by us.<\/p><\/li><li><p><strong>Parcels damaged on delivery:<\/strong> For products whose parcels show visible damage upon receipt, we recommend that you draw up a report in the presence of the courier and refuse their reception.<\/p><\/li><li><p><strong>Products delivered wrongly:<\/strong> If you have received a product other than the one ordered, please inform us as soon as possible so that we can return the product and replace it with the correct one. All return and shipping costs for the correct product will be borne by us.<\/p><\/li><\/ul>\t\t\t\t\t\t\t\t<\/div>\n\t\t\t\t<\/div>\n\t\t            <\/div>\r\n        <\/div>\r\n        \t\t\t<\/div>\n\t\t<\/section>\n\t\t\t\t<\/div>","protected":false},"excerpt":{"rendered":"<p>Pute\u021bi solicita returnarea produselor \u00een urm\u0103toarele situa\u021bii: Produs neconform cu specifica\u021biile de pe site: Dac\u0103 produsul comandat nu corespunde specifica\u021biilor din oferta noastr\u0103, ave\u021bi dreptul s\u0103 solicita\u021bi returnarea acestuia pentru \u00eenlocuire sau rambursarea integral\u0103 a contravalorii. Dac\u0103 se opteaz\u0103 pentru \u00eenlocuirea cu un produs de o valoare mai mare, ve\u021bi achita diferen\u021ba de pre\u021b. \u00cen [&hellip;]<\/p>\n","protected":false},"author":48882156851217,"featured_media":0,"parent":0,"menu_order":0,"comment_status":"closed","ping_status":"closed","template":"","meta":{"footnotes":""},"class_list":["post-6696","page","type-page","status-publish","hentry"],"_links":{"self":[{"href":"https:\/\/alpinsun.ro\/en\/wp-json\/wp\/v2\/pages\/6696","targetHints":{"allow":["GET"]}}],"collection":[{"href":"https:\/\/alpinsun.ro\/en\/wp-json\/wp\/v2\/pages"}],"about":[{"href":"https:\/\/alpinsun.ro\/en\/wp-json\/wp\/v2\/types\/page"}],"author":[{"embeddable":true,"href":"https:\/\/alpinsun.ro\/en\/wp-json\/wp\/v2\/users\/48882156851217"}],"replies":[{"embeddable":true,"href":"https:\/\/alpinsun.ro\/en\/wp-json\/wp\/v2\/comments?post=6696"}],"version-history":[{"count":31,"href":"https:\/\/alpinsun.ro\/en\/wp-json\/wp\/v2\/pages\/6696\/revisions"}],"predecessor-version":[{"id":7690,"href":"https:\/\/alpinsun.ro\/en\/wp-json\/wp\/v2\/pages\/6696\/revisions\/7690"}],"wp:attachment":[{"href":"https:\/\/alpinsun.ro\/en\/wp-json\/wp\/v2\/media?parent=6696"}],"curies":[{"name":"wp","href":"https:\/\/api.w.org\/{rel}","templated":true}]}}