{"id":5122,"date":"2024-04-04T20:08:02","date_gmt":"2024-04-04T20:08:02","guid":{"rendered":"https:\/\/alpin.italic.ro\/?page_id=5122"},"modified":"2024-06-10T21:42:20","modified_gmt":"2024-06-10T21:42:20","slug":"intrebari-frecvente","status":"publish","type":"page","link":"https:\/\/alpinsun.ro\/en\/intrebari-frecvente\/","title":{"rendered":"Frequently Asked Questions"},"content":{"rendered":"<div data-elementor-type=\"wp-page\" data-elementor-id=\"5122\" class=\"elementor elementor-5122\">\n\t\t\t\t        <section class=\"elementor-section elementor-top-section elementor-element elementor-element-ce1b824 elementor-section-stretched elementor-section-boxed elementor-section-height-default elementor-section-height-default pxl-type-header-none pxl-bg-color-none pxl-row-scroll-none\" data-id=\"ce1b824\" data-element_type=\"section\" data-e-type=\"section\" data-settings=\"{&quot;stretch_section&quot;:&quot;section-stretched&quot;,&quot;background_background&quot;:&quot;classic&quot;}\">\n\n                            <div class=\"elementor-background-overlay\"><\/div>\n            \n                <div class=\"elementor-container elementor-column-gap-extended\">\n                <div class=\"elementor-column elementor-col-50 elementor-top-column elementor-element elementor-element-33049f4 pxl_section_offset-none pxl-container-width-container-1200 pxl-col-none pxl-column-none\" data-id=\"33049f4\" data-element_type=\"column\" data-e-type=\"column\">\r\n        <div class=\"elementor-widget-wrap elementor-element-populated\">\r\n                     \r\n        \t\t<div class=\"elementor-element elementor-element-1536add elementor-widget elementor-widget-pxl_heading\" data-id=\"1536add\" data-element_type=\"widget\" data-e-type=\"widget\" data-settings=\"{&quot;_animation&quot;:&quot;none&quot;}\" data-widget_type=\"pxl_heading.default\">\n\t\t\t\t<div class=\"elementor-widget-container\">\n\t\t\t\t\t<div class=\"pxl-heading inherit\">\n\t<div class=\"pxl-heading--inner\">\n\t\t\t\t\t<div class=\"pxl-item--subtitle default\" data-wow-delay=\"ms\">\n\t\t\t\t<div class=\"wrap-subtitle\">\n\t\t\t\t\t<span>Where solar meets alpine precision<\/span>\n\t\t\t\t<\/div>\n\t\t\t<\/div>\n\t\t\t\t<h3 class=\"pxl-item--title  highlight-default\" data-wow-delay=\"ms\" >\n\t\tFind out everything you need to know!\n\n\n\n\n\t\t\t\t\n\t\t<\/h3>\n\t<\/div>\n<\/div>\n\n\t\t\t\t<\/div>\n\t\t\t\t<\/div>\n\t\t\t\t<div class=\"elementor-element elementor-element-96c2616 elementor-widget elementor-widget-pxl_icon_box\" data-id=\"96c2616\" data-element_type=\"widget\" data-e-type=\"widget\" data-widget_type=\"pxl_icon_box.default\">\n\t\t\t\t<div class=\"elementor-widget-container\">\n\t\t\t\t\t<div class=\"pxl-icon-box pxl-icon-box4\" data-wow-delay=\"ms\">\r\n    <div class=\"pxl-item--inner\">\r\n                    <div class=\"pxl-item--icon\">\r\n                <i aria-hidden=\"true\" class=\"caseicon caseicon-long-arrow-right\"><\/i>            <\/div>\r\n                        <div class=\"pxl-item--holder\">\r\n            <div class=\"pxl-item--title el-empty\">\r\n                Solution to every question            <\/div>\r\n            <a >\r\n               We offer advice to find the right solar energy solution for your project.           <\/a> \r\n       <\/div>\r\n   <\/div>\r\n<\/div>\r\n\r\n\t\t\t\t<\/div>\n\t\t\t\t<\/div>\n\t\t\t\t<div class=\"elementor-element elementor-element-b1cf146 elementor-widget elementor-widget-pxl_icon_box\" data-id=\"b1cf146\" data-element_type=\"widget\" data-e-type=\"widget\" data-widget_type=\"pxl_icon_box.default\">\n\t\t\t\t<div class=\"elementor-widget-container\">\n\t\t\t\t\t<div class=\"pxl-icon-box pxl-icon-box4\" data-wow-delay=\"ms\">\r\n    <div class=\"pxl-item--inner\">\r\n                    <div class=\"pxl-item--icon\">\r\n                <i aria-hidden=\"true\" class=\"caseicon caseicon-long-arrow-right\"><\/i>            <\/div>\r\n                        <div class=\"pxl-item--holder\">\r\n            <div class=\"pxl-item--title el-empty\">\r\n                Years of experience behind our projects            <\/div>\r\n            <a >\r\n               Ready to approach any challenge with confidence and find solutions tailored to your needs.           <\/a> \r\n       <\/div>\r\n   <\/div>\r\n<\/div>\r\n\r\n\t\t\t\t<\/div>\n\t\t\t\t<\/div>\n\t\t            <\/div>\r\n        <\/div>\r\n                <div class=\"elementor-column elementor-col-50 elementor-top-column elementor-element elementor-element-28a5761 pxl_section_offset-none pxl-container-width-container-1200 pxl-col-none pxl-column-none\" data-id=\"28a5761\" data-element_type=\"column\" data-e-type=\"column\">\r\n        <div class=\"elementor-widget-wrap elementor-element-populated\">\r\n                     \r\n        \t\t<div class=\"elementor-element elementor-element-e535f89 elementor-invisible elementor-widget elementor-widget-pxl_accordion\" data-id=\"e535f89\" data-element_type=\"widget\" data-e-type=\"widget\" data-settings=\"{&quot;_animation&quot;:&quot;fadeInLeft&quot;}\" data-widget_type=\"pxl_accordion.default\">\n\t\t\t\t<div class=\"elementor-widget-container\">\n\t\t\t\t\t    <div class=\"pxl-accordion pxl-accordion1 style1\" data-wow-delay=\"ms\">\r\n     <div class=\"wrap-item\">\r\n         \r\n            <div class=\"pxl--item active\">\r\n                <h3 class=\"pxl-item-accordion\" data-target=\"#pxl-accordion-3814f27pxl_accordion-e535f89-5512\">\r\n                <span>What happens to surplus energy generated by photovoltaic panels?<\/span>\r\n                <i class=\"fas fa-chevron-down\"><\/i>\r\n                <\/h3>\r\n                <div id=\"pxl-accordion-3814f27pxl_accordion-e535f89-5512\" class=\"pxl-item--content-acc\" style=\"display: block;\">Surplus energy can be stored in batteries for use during periods of extra consumption or during the night when the photovoltaic panels are not producing power.<\/div>\r\n            <\/div>\r\n        \r\n            <div class=\"pxl--item\">\r\n                <h3 class=\"pxl-item-accordion\" data-target=\"#pxl-accordion-145bf03pxl_accordion-e535f89-5512\">\r\n                <span>What kind of maintenance and service do photovoltaic panels require?<\/span>\r\n                <i class=\"fas fa-chevron-down\"><\/i>\r\n                <\/h3>\r\n                <div id=\"pxl-accordion-145bf03pxl_accordion-e535f89-5512\" class=\"pxl-item--content-acc\" ><br \/>\nPV panels require minimal maintenance and service during their useful life, which can be 25 years or more. Regular maintenance includes periodic cleaning of PV panels to remove dust, leaves or other particles that could affect their efficiency. Also, regular checking and maintenance of ancillary equipment such as the inverter and cabling system may be necessary to ensure optimal operation of the whole system. <\/div>\r\n            <\/div>\r\n        \r\n            <div class=\"pxl--item\">\r\n                <h3 class=\"pxl-item-accordion\" data-target=\"#pxl-accordion-e4b3bd9pxl_accordion-e535f89-5512\">\r\n                <span>What factors influence the installation of photovoltaic panels?<\/span>\r\n                <i class=\"fas fa-chevron-down\"><\/i>\r\n                <\/h3>\r\n                <div id=\"pxl-accordion-e4b3bd9pxl_accordion-e535f89-5512\" class=\"pxl-item--content-acc\" >Installing photovoltaic panels can be influenced by many factors, including:<br \/>\n1)Location orientation: It is important to have enough available space and proper orientation to the sun to maximize the efficiency of the solar system.<br \/>\n2)Local regulations and permits: Local rules and regulations as well as obtaining building and grid connection permits can influence the installation process.<br \/>\n3)Condition of roof or mounting surface: Roofs or other mounting surfaces must be structurally sound and able to support the weight of the PV panels.<br \/>\n4)Local meteorological conditions: Factors such as the amount of available sunlight and the local climate can influence the potential for solar energy production.<br \/>\n5)Financing and available budget: The cost and availability of financing can affect the size and complexity of the solar system installed.<\/div>\r\n            <\/div>\r\n        \r\n            <div class=\"pxl--item\">\r\n                <h3 class=\"pxl-item-accordion\" data-target=\"#pxl-accordion-a9932cbpxl_accordion-e535f89-5512\">\r\n                <span>What are photovoltaic panels made of?<\/span>\r\n                <i class=\"fas fa-chevron-down\"><\/i>\r\n                <\/h3>\r\n                <div id=\"pxl-accordion-a9932cbpxl_accordion-e535f89-5512\" class=\"pxl-item--content-acc\" >Photovoltaic panels consist mainly of solar cells, which are usually made of crystalline silicon or other semiconductor materials. These cells are integrated into a supporting structure and protected by a layer of glass or transparent plastic, which allows sunlight to pass through and protects the cells against weathering and damage. Photovoltaic panels may also include an anti-reflective layer to improve the absorption of sunlight and a layer of hydrophobic material to prevent the accumulation of dust and dirt.<\/div>\r\n            <\/div>\r\n            <\/div>\r\n<\/div>\r\n\t\t\t\t<\/div>\n\t\t\t\t<\/div>\n\t\t            <\/div>\r\n        <\/div>\r\n        \t\t\t<\/div>\n\t\t<\/section>\n\t\t        <section class=\"elementor-section elementor-top-section elementor-element elementor-element-a94b28b elementor-section-stretched elementor-section-boxed elementor-section-height-default elementor-section-height-default pxl-type-header-none pxl-bg-color-none pxl-row-scroll-none\" data-id=\"a94b28b\" data-element_type=\"section\" data-e-type=\"section\" data-settings=\"{&quot;stretch_section&quot;:&quot;section-stretched&quot;}\">\n\n                \n                <div class=\"elementor-container elementor-column-gap-extended\">\n                <div class=\"elementor-column elementor-col-50 elementor-top-column elementor-element elementor-element-3776682 pxl_section_offset-none pxl-container-width-container-1200 pxl-col-none pxl-column-none\" data-id=\"3776682\" data-element_type=\"column\" data-e-type=\"column\">\r\n        <div class=\"elementor-widget-wrap elementor-element-populated\">\r\n                     \r\n        \t\t<div class=\"elementor-element elementor-element-c4acb8b elementor-invisible elementor-widget elementor-widget-pxl_accordion\" data-id=\"c4acb8b\" data-element_type=\"widget\" data-e-type=\"widget\" data-settings=\"{&quot;_animation&quot;:&quot;fadeInRight&quot;}\" data-widget_type=\"pxl_accordion.default\">\n\t\t\t\t<div class=\"elementor-widget-container\">\n\t\t\t\t\t    <div class=\"pxl-accordion pxl-accordion1 style1\" data-wow-delay=\"ms\">\r\n     <div class=\"wrap-item\">\r\n         \r\n            <div class=\"pxl--item active\">\r\n                <h3 class=\"pxl-item-accordion\" data-target=\"#pxl-accordion-3814f27pxl_accordion-c4acb8b-6869\">\r\n                <span>How efficient are photovoltaic panels and how much can they reduce my energy bill?<\/span>\r\n                <i class=\"fas fa-chevron-down\"><\/i>\r\n                <\/h3>\r\n                <div id=\"pxl-accordion-3814f27pxl_accordion-c4acb8b-6869\" class=\"pxl-item--content-acc\" style=\"display: block;\">In terms of reducing your energy bill, this also depends on a number of factors, including the size and capacity of the solar system installed, the current energy consumption of your home and the local electricity price. <br \/>\nHowever, on average, photovoltaic panels can reduce electricity bills by up to 50-90%, depending on the size of the system and how much solar energy can be captured and used efficiently. <\/div>\r\n            <\/div>\r\n        \r\n            <div class=\"pxl--item\">\r\n                <h3 class=\"pxl-item-accordion\" data-target=\"#pxl-accordion-145bf03pxl_accordion-c4acb8b-6869\">\r\n                <span>How does the installation process work and how long does it take?<\/span>\r\n                <i class=\"fas fa-chevron-down\"><\/i>\r\n                <\/h3>\r\n                <div id=\"pxl-accordion-145bf03pxl_accordion-c4acb8b-6869\" class=\"pxl-item--content-acc\" >The PV panel installation process begins with an assessment of your location and your energy needs. Then, an installation plan is established to optimize system efficiency. Here are the general steps of the installation process and their estimated duration:<br \/>\n1)Initial assessment: a solar specialist will visit the site to assess the solar potential and discuss your preferences. <br \/>\n2)Design and permitting: After evaluation, a customized design plan will be created and the necessary permits will be obtained from local authorities. <br \/>\n3)Purchase and delivery of equipment;<br \/>\n4)Actual installation of photovoltaic panels;<br \/>\n5)Testing and commissioning;<br \/>\nIn total, the complete PV panel installation process can take between 4 and 8 weeks, depending on project-specific factors.<\/div>\r\n            <\/div>\r\n        \r\n            <div class=\"pxl--item\">\r\n                <h3 class=\"pxl-item-accordion\" data-target=\"#pxl-accordion-e4b3bd9pxl_accordion-c4acb8b-6869\">\r\n                <span>What happens in bad weather or no sun? Do photovoltaic panels still work?<\/span>\r\n                <i class=\"fas fa-chevron-down\"><\/i>\r\n                <\/h3>\r\n                <div id=\"pxl-accordion-e4b3bd9pxl_accordion-c4acb8b-6869\" class=\"pxl-item--content-acc\" >Yes, photovoltaic panels work even in bad weather or in direct sunlight. Even on cloudy or rainy days, the panels can continue to generate electricity, albeit at a lower level than on sunny days. At night the system itself works, but the panels do not produce electricity, and when it is cloudy they produce up to 5 times less energy. The sun has a massive influence on the electricity production capacity.<\/div>\r\n            <\/div>\r\n        \r\n            <div class=\"pxl--item\">\r\n                <h3 class=\"pxl-item-accordion\" data-target=\"#pxl-accordion-a9932cbpxl_accordion-c4acb8b-6869\">\r\n                <span>What are the initial costs and how can I finance this project?<\/span>\r\n                <i class=\"fas fa-chevron-down\"><\/i>\r\n                <\/h3>\r\n                <div id=\"pxl-accordion-a9932cbpxl_accordion-c4acb8b-6869\" class=\"pxl-item--content-acc\" >The initial costs of installing a PV system vary depending on several factors, including the size of the system, the type and quality of the PV panels, the complexity of the installation and the need for additional equipment such as battery storage. In general, initial costs may include purchasing the PV panels and associated equipment, installing the system and obtaining the necessary permits.<\/div>\r\n            <\/div>\r\n            <\/div>\r\n<\/div>\r\n\t\t\t\t<\/div>\n\t\t\t\t<\/div>\n\t\t            <\/div>\r\n        <\/div>\r\n                <div class=\"elementor-column elementor-col-50 elementor-top-column elementor-element elementor-element-cd69e2c pxl_section_offset-none pxl-container-width-container-1200 pxl-col-none pxl-column-none\" data-id=\"cd69e2c\" data-element_type=\"column\" data-e-type=\"column\" data-settings=\"{&quot;animation&quot;:&quot;none&quot;}\">\r\n        <div class=\"elementor-widget-wrap elementor-element-populated\">\r\n                     \r\n        \t\t<div class=\"elementor-element elementor-element-9d759a6 elementor-widget__width-initial elementor-widget-laptop__width-inherit elementor-widget-tablet__width-inherit elementor-widget elementor-widget-pxl_contact_form\" data-id=\"9d759a6\" data-element_type=\"widget\" data-e-type=\"widget\" data-widget_type=\"pxl_contact_form.default\">\n\t\t\t\t<div class=\"elementor-widget-container\">\n\t\t\t\t\t    <div class=\"pxl-contact-form pxl-contact-form1 button-style1 btn-w-auto\" data-wow-delay=\"ms\">\r\n        \n<div class=\"wpcf7 no-js\" id=\"wpcf7-f6182-o1\" lang=\"en-US\" dir=\"ltr\" data-wpcf7-id=\"6182\">\n<div class=\"screen-reader-response\"><p role=\"status\" aria-live=\"polite\" aria-atomic=\"true\"><\/p> <ul><\/ul><\/div>\n<form action=\"\/en\/wp-json\/wp\/v2\/pages\/5122#wpcf7-f6182-o1\" method=\"post\" class=\"wpcf7-form init\" aria-label=\"Contact form\" novalidate=\"novalidate\" data-status=\"init\" data-trp-original-action=\"\/en\/wp-json\/wp\/v2\/pages\/5122#wpcf7-f6182-o1\">\n<fieldset class=\"hidden-fields-container\"><input type=\"hidden\" name=\"_wpcf7\" value=\"6182\" \/><input type=\"hidden\" name=\"_wpcf7_version\" value=\"6.1.5\" \/><input type=\"hidden\" name=\"_wpcf7_locale\" value=\"en_US\" \/><input type=\"hidden\" name=\"_wpcf7_unit_tag\" value=\"wpcf7-f6182-o1\" \/><input type=\"hidden\" name=\"_wpcf7_container_post\" value=\"0\" \/><input type=\"hidden\" name=\"_wpcf7_posted_data_hash\" value=\"\" \/><input type=\"hidden\" name=\"_wpcf7_recaptcha_response\" value=\"\" \/>\n<\/fieldset>\n<div class=\"uacf7-form-wrapper-container uacf7-form-6182\"><div class=\"wp-row-ctf7 contact-form-home\">\n    <div class=\"pxl-logo-form\"><\/div>\n    <div class=\"pxl-logo-form-2\"><\/div>\n    <h3 class=\"pxl-title-form\">Contact us<\/h3>\n    <div class=\"row input-contact\">\n        <div class=\"col-xl-12 col-lg-12 col-md-12 col-sm-12 input-name\">\n            <div class=\"input-filled\"><span class=\"wpcf7-form-control-wrap\" data-name=\"your-name\"><input size=\"40\" maxlength=\"400\" class=\"wpcf7-form-control wpcf7-text wpcf7-validates-as-required\" aria-required=\"true\" aria-invalid=\"false\" placeholder=\"Full Name\" value=\"\" type=\"text\" name=\"your-name\" \/><\/span><\/div>\n        <\/div>\n        <div class=\"col-xl-12 col-lg-12 col-md-12 col-sm-12 input-email\">\n            <div class=\"input-filled\"><span class=\"wpcf7-form-control-wrap\" data-name=\"your-email\"><input size=\"40\" maxlength=\"400\" class=\"wpcf7-form-control wpcf7-email wpcf7-validates-as-required wpcf7-text wpcf7-validates-as-email\" aria-required=\"true\" aria-invalid=\"false\" placeholder=\"Email\" value=\"\" type=\"email\" name=\"your-email\" \/><\/span><\/div>\n        <\/div>\n        <div class=\"col-xl-12 col-lg-12 col-md-12 col-sm-12 input-email\">\n            <div class=\"input-filled\"><span class=\"wpcf7-form-control-wrap\" data-name=\"your-subject\"><input size=\"40\" maxlength=\"400\" class=\"wpcf7-form-control wpcf7-text wpcf7-validates-as-required\" aria-required=\"true\" aria-invalid=\"false\" placeholder=\"Subject\" value=\"\" type=\"text\" name=\"your-subject\" \/><\/span><\/div>\n        <\/div>\n        <div class=\"col-xl-12 col-lg-12 col-md-12 col-sm-12 input-phone\">\n            <div class=\"input-filled\"><span class=\"wpcf7-form-control-wrap\" data-name=\"your-phone\"><input size=\"40\" maxlength=\"400\" class=\"wpcf7-form-control wpcf7-tel wpcf7-validates-as-required wpcf7-text wpcf7-validates-as-tel\" aria-required=\"true\" aria-invalid=\"false\" placeholder=\"Phone\" value=\"\" type=\"tel\" name=\"your-phone\" \/><\/span><\/div>\n        <\/div>\n        <div class=\"col-xl-12 col-lg-12 col-md-12 col-sm-12 input-text-area\">\n            <div class=\"input-filled\"><span class=\"wpcf7-form-control-wrap\" data-name=\"your-message\"><textarea cols=\"40\" rows=\"10\" maxlength=\"2000\" class=\"wpcf7-form-control wpcf7-textarea wpcf7-validates-as-required\" aria-required=\"true\" aria-invalid=\"false\" placeholder=\"Your question\" name=\"your-message\"><\/textarea><\/span><\/div>\n        <\/div>\n        <div class=\"col-xl-12 col-lg-12 col-md-12 col-sm-12 submit-form btn-input\">\n            <button type=\"submit\" class=\"btn btn-primary pxl-wobble\" data-animation=\"pxl-xspin\">Send<\/button>\n        <\/div>\n    <\/div>\n<\/div><\/div><div class=\"wpcf7-response-output\" aria-hidden=\"true\"><\/div>\n<input type=\"hidden\" name=\"trp-form-language\" value=\"en\"\/><\/form>\n<\/div>\n    <\/div>\r\n\t\t\t\t<\/div>\n\t\t\t\t<\/div>\n\t\t            <\/div>\r\n        <\/div>\r\n        \t\t\t<\/div>\n\t\t<\/section>\n\t\t\t\t<\/div>","protected":false},"excerpt":{"rendered":"<p>Where solar meets alpine precision Afl\u0103 tot ce ai nevoie s\u0103 \u0219tii! Solu\u021bie la fiecare \u00eentrebare Oferim consultan\u021b\u0103 pentru a identifica solu\u021bia de energie solar\u0103 potrivit\u0103 proiectului t\u0103u. Ani de experien\u021b\u0103 la baza proiectelor noastre Preg\u0103ti\u021bi s\u0103 abord\u0103m orice provocare cu \u00eencredere \u0219i s\u0103 g\u0103sim solu\u021bii adaptate nevoilor tale. Ce se \u00eent\u00e2mpl\u0103 cu surplusul de [&hellip;]<\/p>\n","protected":false},"author":48882156851217,"featured_media":0,"parent":0,"menu_order":0,"comment_status":"closed","ping_status":"closed","template":"","meta":{"footnotes":""},"class_list":["post-5122","page","type-page","status-publish","hentry"],"_links":{"self":[{"href":"https:\/\/alpinsun.ro\/en\/wp-json\/wp\/v2\/pages\/5122","targetHints":{"allow":["GET"]}}],"collection":[{"href":"https:\/\/alpinsun.ro\/en\/wp-json\/wp\/v2\/pages"}],"about":[{"href":"https:\/\/alpinsun.ro\/en\/wp-json\/wp\/v2\/types\/page"}],"author":[{"embeddable":true,"href":"https:\/\/alpinsun.ro\/en\/wp-json\/wp\/v2\/users\/48882156851217"}],"replies":[{"embeddable":true,"href":"https:\/\/alpinsun.ro\/en\/wp-json\/wp\/v2\/comments?post=5122"}],"version-history":[{"count":118,"href":"https:\/\/alpinsun.ro\/en\/wp-json\/wp\/v2\/pages\/5122\/revisions"}],"predecessor-version":[{"id":6519,"href":"https:\/\/alpinsun.ro\/en\/wp-json\/wp\/v2\/pages\/5122\/revisions\/6519"}],"wp:attachment":[{"href":"https:\/\/alpinsun.ro\/en\/wp-json\/wp\/v2\/media?parent=5122"}],"curies":[{"name":"wp","href":"https:\/\/api.w.org\/{rel}","templated":true}]}}