{"id":4918,"date":"2023-10-18T18:46:41","date_gmt":"2023-10-18T18:46:41","guid":{"rendered":"https:\/\/demo.bravisthemes.com\/soluris\/?page_id=4918"},"modified":"2024-06-10T00:30:37","modified_gmt":"2024-06-10T00:30:37","slug":"echipamente","status":"publish","type":"page","link":"https:\/\/alpinsun.ro\/en\/echipamente\/","title":{"rendered":"Equipment"},"content":{"rendered":"<div data-elementor-type=\"wp-page\" data-elementor-id=\"4918\" class=\"elementor elementor-4918\">\n\t\t\t\t        <section class=\"elementor-section elementor-top-section elementor-element elementor-element-d26a50b elementor-section-boxed elementor-section-height-default elementor-section-height-default pxl-type-header-none pxl-bg-color-none pxl-row-scroll-none\" data-id=\"d26a50b\" data-element_type=\"section\" data-e-type=\"section\" id=\"home\" data-settings=\"{&quot;background_background&quot;:&quot;classic&quot;}\">\n\n                \n                <div class=\"elementor-container elementor-column-gap-extended\">\n                <div class=\"elementor-column elementor-col-50 elementor-top-column elementor-element elementor-element-e9cbe85 pxl_section_offset-none pxl-container-width-container-1200 pxl-col-none pxl-column-none\" data-id=\"e9cbe85\" data-element_type=\"column\" data-e-type=\"column\">\r\n        <div class=\"elementor-widget-wrap elementor-element-populated\">\r\n                     \r\n                <section class=\"elementor-section elementor-inner-section elementor-element elementor-element-3ae458c elementor-section-full_width elementor-section-height-min-height elementor-section-height-default pxl-type-header-none pxl_section_offset-none pxl-bg-color-none pxl-full-content-with-space-none pxl-row-scroll-none\" data-id=\"3ae458c\" data-element_type=\"section\" data-e-type=\"section\" data-settings=\"{&quot;background_background&quot;:&quot;classic&quot;}\">\n\n                \n                <div class=\"elementor-container elementor-column-gap-extended\">\n                <div class=\"elementor-column elementor-col-100 elementor-inner-column elementor-element elementor-element-d0cb926 pxl_section_offset-none pxl-container-width-container-1200 pxl-col-none pxl-column-none\" data-id=\"d0cb926\" data-element_type=\"column\" data-e-type=\"column\" data-settings=\"{&quot;background_background&quot;:&quot;gradient&quot;}\">\r\n        <div class=\"elementor-widget-wrap elementor-element-populated\">\r\n                     \r\n        \t\t<div class=\"elementor-element elementor-element-82405b4 elementor-invisible elementor-widget elementor-widget-heading\" data-id=\"82405b4\" data-element_type=\"widget\" data-e-type=\"widget\" data-settings=\"{&quot;_animation&quot;:&quot;fadeInDown&quot;}\" data-widget_type=\"heading.default\">\n\t\t\t\t<div class=\"elementor-widget-container\">\n\t\t\t\t\t<h2 class=\"elementor-heading-title elementor-size-default\">Professional equipment for successful projects<\/h2>\t\t\t\t<\/div>\n\t\t\t\t<\/div>\n\t\t\t\t<div class=\"elementor-element elementor-element-c1f30f0 elementor-widget elementor-widget-text-editor\" data-id=\"c1f30f0\" data-element_type=\"widget\" data-e-type=\"widget\" data-widget_type=\"text-editor.default\">\n\t\t\t\t<div class=\"elementor-widget-container\">\n\t\t\t\t\t\t\t\t\t<p>At Alpin Sun, we utilize high quality equipment to ensure maximum quality and efficiency on our projects. We rely on state-of-the-art machinery and tools that are essential to carry out work to the highest standards. This equipment enables us to successfully tackle any challenge and guarantee precise and durable installation. Each piece of equipment is carefully selected to ensure optimum performance and safety at all stages of the project.<\/p>\t\t\t\t\t\t\t\t<\/div>\n\t\t\t\t<\/div>\n\t\t            <\/div>\r\n        <\/div>\r\n        \t\t\t<\/div>\n\t\t<\/section>\n\t\t            <\/div>\r\n        <\/div>\r\n                <div class=\"elementor-column elementor-col-50 elementor-top-column elementor-element elementor-element-751c5e7 pxl_section_offset-none pxl-container-width-container-1200 pxl-col-none pxl-column-none\" data-id=\"751c5e7\" data-element_type=\"column\" data-e-type=\"column\">\r\n        <div class=\"elementor-widget-wrap elementor-element-populated\">\r\n                     \r\n        \t\t<div class=\"elementor-element elementor-element-f0c0510 elementor-widget elementor-widget-pxl_image\" data-id=\"f0c0510\" data-element_type=\"widget\" data-e-type=\"widget\" data-widget_type=\"pxl_image.default\">\n\t\t\t\t<div class=\"elementor-widget-container\">\n\t\t\t\t\t<div class=\"pxl-image-single no\" data-wow-delay=\"ms\" data-maxtilt=\"\" data-speedtilt=\"\">\r\n                        <div class=\"pxl-item--inner\">\r\n                                    <img fetchpriority=\"high\" decoding=\"async\" width=\"1200\" height=\"771\" src=\"https:\/\/alpinsun.ro\/wp-content\/uploads\/2023\/01\/garantii-1-2.png\" class=\"no-lazyload attachment-full\" alt=\"\" \/>                            <\/div>\r\n            <\/div> \t\t\t\t<\/div>\n\t\t\t\t<\/div>\n\t\t            <\/div>\r\n        <\/div>\r\n        \t\t\t<\/div>\n\t\t<\/section>\n\t\t<div class=\"elementor-element elementor-element-17c36dd e-flex e-con-boxed e-con e-parent\" data-id=\"17c36dd\" data-element_type=\"container\" data-e-type=\"container\">\t\t\t<div class=\"e-con-inner\">\r\n\t\t<div class=\"elementor-element elementor-element-46f6374 e-con-full e-flex e-con e-child\" data-id=\"46f6374\" data-element_type=\"container\" data-e-type=\"container\">\t\t<div class=\"elementor-element elementor-element-7bfdbac elementor-widget elementor-widget-pxl_icon_box\" data-id=\"7bfdbac\" data-element_type=\"widget\" data-e-type=\"widget\" data-widget_type=\"pxl_icon_box.default\">\n\t\t\t\t<div class=\"elementor-widget-container\">\n\t\t\t\t\t<div class=\"pxl-icon-box pxl-icon-box2 wow fadeIn\" data-wow-delay=\"ms\">\r\n    <div class=\"pxl-item--inner\">\r\n                            <div class=\"pxl-item--icon\">\r\n                <img decoding=\"async\" width=\"932\" height=\"857\" src=\"https:\/\/alpinsun.ro\/wp-content\/uploads\/2024\/05\/excavator-yanmar.png\" class=\"attachment-full\" alt=\"\" srcset=\"https:\/\/alpinsun.ro\/wp-content\/uploads\/2024\/05\/excavator-yanmar.png 932w, https:\/\/alpinsun.ro\/wp-content\/uploads\/2024\/05\/excavator-yanmar-300x276.png 300w, https:\/\/alpinsun.ro\/wp-content\/uploads\/2024\/05\/excavator-yanmar-768x706.png 768w, https:\/\/alpinsun.ro\/wp-content\/uploads\/2024\/05\/excavator-yanmar-772x710.png 772w\" sizes=\"(max-width: 932px) 100vw, 932px\" \/>            <\/div>\r\n                <div class=\"pxl-item--holder\">\r\n                        <h3 class=\"pxl-item--title el-empty\"><a >\r\n                Excavator <\/br>Yanmar            <\/a> <\/h3>\r\n             <div class=\"pxl-item-link\">\r\n                 <a class=\"pxl-item-link-1\" href=\"\">\r\n                     Compact and reliable excavator ideal for confined spaces. Equipped with a powerful Yanmar 4TNV engine, this model complies with EU Stage V regulations and includes features such as automatic deceleration and fuel-saving Eco mode. The new boom design ensures durability and stability.                 <\/a>\r\n                 <a class=\"pxl-item-link-2\" href=\"\">\r\n                                      <\/a>\r\n             <\/div>\r\n        <\/div>\r\n    <\/div>\r\n<\/div>\t\t\t\t<\/div>\n\t\t\t\t<\/div>\n\t\t\t\t<\/div>\r\n\t\t<div class=\"elementor-element elementor-element-6374196 e-con-full e-flex e-con e-child\" data-id=\"6374196\" data-element_type=\"container\" data-e-type=\"container\">\t\t<div class=\"elementor-element elementor-element-baacc87 elementor-widget elementor-widget-pxl_icon_box\" data-id=\"baacc87\" data-element_type=\"widget\" data-e-type=\"widget\" data-widget_type=\"pxl_icon_box.default\">\n\t\t\t\t<div class=\"elementor-widget-container\">\n\t\t\t\t\t<div class=\"pxl-icon-box pxl-icon-box2 wow fadeIn\" data-wow-delay=\"ms\">\r\n    <div class=\"pxl-item--inner\">\r\n                            <div class=\"pxl-item--icon\">\r\n                <img decoding=\"async\" width=\"932\" height=\"857\" src=\"https:\/\/alpinsun.ro\/wp-content\/uploads\/2024\/05\/incarcator-yanmar.png\" class=\"attachment-full\" alt=\"\" srcset=\"https:\/\/alpinsun.ro\/wp-content\/uploads\/2024\/05\/incarcator-yanmar.png 932w, https:\/\/alpinsun.ro\/wp-content\/uploads\/2024\/05\/incarcator-yanmar-300x276.png 300w, https:\/\/alpinsun.ro\/wp-content\/uploads\/2024\/05\/incarcator-yanmar-768x706.png 768w, https:\/\/alpinsun.ro\/wp-content\/uploads\/2024\/05\/incarcator-yanmar-772x710.png 772w\" sizes=\"(max-width: 932px) 100vw, 932px\" \/>            <\/div>\r\n                <div class=\"pxl-item--holder\">\r\n                        <h3 class=\"pxl-item--title el-empty\"><a >\r\n                Yanmar Front Loader Equipment            <\/a> <\/h3>\r\n             <div class=\"pxl-item-link\">\r\n                 <a class=\"pxl-item-link-1\" href=\"\">\r\n                     With a bucket capacity of 1.0 - 1.5 m\u00b3 and articulated steering, the V100 is easy to operate, equipped with intelligent controls and multifunction joysticks for precise and productive handling.The powerful EU Stage V \/ EPA Tier 4 compliant engine ensures low fuel consumption and low emissions.                 <\/a>\r\n                 <a class=\"pxl-item-link-2\" href=\"\">\r\n                                      <\/a>\r\n             <\/div>\r\n        <\/div>\r\n    <\/div>\r\n<\/div>\t\t\t\t<\/div>\n\t\t\t\t<\/div>\n\t\t\t\t<\/div>\r\n\t\t<div class=\"elementor-element elementor-element-b08ec32 e-con-full e-flex e-con e-child\" data-id=\"b08ec32\" data-element_type=\"container\" data-e-type=\"container\">\t\t<div class=\"elementor-element elementor-element-34c4630 elementor-widget elementor-widget-pxl_icon_box\" data-id=\"34c4630\" data-element_type=\"widget\" data-e-type=\"widget\" data-widget_type=\"pxl_icon_box.default\">\n\t\t\t\t<div class=\"elementor-widget-container\">\n\t\t\t\t\t<div class=\"pxl-icon-box pxl-icon-box2 wow fadeIn\" data-wow-delay=\"ms\">\r\n    <div class=\"pxl-item--inner\">\r\n                            <div class=\"pxl-item--icon\">\r\n                <img loading=\"lazy\" decoding=\"async\" width=\"932\" height=\"857\" src=\"https:\/\/alpinsun.ro\/wp-content\/uploads\/2024\/05\/AMMANN.png\" class=\"attachment-full\" alt=\"\" srcset=\"https:\/\/alpinsun.ro\/wp-content\/uploads\/2024\/05\/AMMANN.png 932w, https:\/\/alpinsun.ro\/wp-content\/uploads\/2024\/05\/AMMANN-300x276.png 300w, https:\/\/alpinsun.ro\/wp-content\/uploads\/2024\/05\/AMMANN-768x706.png 768w, https:\/\/alpinsun.ro\/wp-content\/uploads\/2024\/05\/AMMANN-772x710.png 772w\" sizes=\"(max-width: 932px) 100vw, 932px\" \/>            <\/div>\r\n                <div class=\"pxl-item--holder\">\r\n                        <h3 class=\"pxl-item--title el-empty\"><a >\r\n                Ammann vibratory compactors            <\/a> <\/h3>\r\n             <div class=\"pxl-item-link\">\r\n                 <a class=\"pxl-item-link-1\" href=\"\">\r\n                     Equipped with a unique vibratory system with 3 eccentric shafts, considerably improving compaction performance, maneuverability and travel, even on sloping surfaces and with hard, cohesive soil.  The operating speed is 32 m\/min, with a productivity of 1632 mp\/h, frequency of 55 Hz.                  <\/a>\r\n                 <a class=\"pxl-item-link-2\" href=\"\">\r\n                                      <\/a>\r\n             <\/div>\r\n        <\/div>\r\n    <\/div>\r\n<\/div>\t\t\t\t<\/div>\n\t\t\t\t<\/div>\n\t\t\t\t<\/div>\r\n\t\t\t\t\t<\/div>\r\n\t\t\t\t<\/div>\r\n\t\t<div class=\"elementor-element elementor-element-4e780bc e-flex e-con-boxed e-con e-parent\" data-id=\"4e780bc\" data-element_type=\"container\" data-e-type=\"container\">\t\t\t<div class=\"e-con-inner\">\r\n\t\t<div class=\"elementor-element elementor-element-2ca0996 e-con-full e-flex e-con e-child\" data-id=\"2ca0996\" data-element_type=\"container\" data-e-type=\"container\">\t\t<div class=\"elementor-element elementor-element-1148cee elementor-widget elementor-widget-pxl_icon_box\" data-id=\"1148cee\" data-element_type=\"widget\" data-e-type=\"widget\" data-widget_type=\"pxl_icon_box.default\">\n\t\t\t\t<div class=\"elementor-widget-container\">\n\t\t\t\t\t<div class=\"pxl-icon-box pxl-icon-box2 wow fadeIn\" data-wow-delay=\"ms\">\r\n    <div class=\"pxl-item--inner\">\r\n                            <div class=\"pxl-item--icon\">\r\n                <img loading=\"lazy\" decoding=\"async\" width=\"932\" height=\"857\" src=\"https:\/\/alpinsun.ro\/wp-content\/uploads\/2024\/05\/soneta-turchi.png\" class=\"attachment-full\" alt=\"\" srcset=\"https:\/\/alpinsun.ro\/wp-content\/uploads\/2024\/05\/soneta-turchi.png 932w, https:\/\/alpinsun.ro\/wp-content\/uploads\/2024\/05\/soneta-turchi-300x276.png 300w, https:\/\/alpinsun.ro\/wp-content\/uploads\/2024\/05\/soneta-turchi-768x706.png 768w, https:\/\/alpinsun.ro\/wp-content\/uploads\/2024\/05\/soneta-turchi-772x710.png 772w\" sizes=\"(max-width: 932px) 100vw, 932px\" \/>            <\/div>\r\n                <div class=\"pxl-item--holder\">\r\n                        <h3 class=\"pxl-item--title el-empty\"><a >\r\n                Soneta Turchi             <\/a> <\/h3>\r\n             <div class=\"pxl-item-link\">\r\n                 <a class=\"pxl-item-link-1\" href=\"\">\r\n                     An efficient piece of equipment used for the fast and accurate installation of piles and foundations. Designed to cope with difficult site conditions, the Probe offers superior stability and reliability. Thanks to its advanced design, it allows easy and safe operation, helping to increase productivity and reduce installation time.                 <\/a>\r\n                 <a class=\"pxl-item-link-2\" href=\"\">\r\n                                      <\/a>\r\n             <\/div>\r\n        <\/div>\r\n    <\/div>\r\n<\/div>\t\t\t\t<\/div>\n\t\t\t\t<\/div>\n\t\t\t\t<\/div>\r\n\t\t<div class=\"elementor-element elementor-element-ebf555a e-con-full e-flex e-con e-child\" data-id=\"ebf555a\" data-element_type=\"container\" data-e-type=\"container\">\t\t<div class=\"elementor-element elementor-element-a84336a elementor-widget elementor-widget-pxl_icon_box\" data-id=\"a84336a\" data-element_type=\"widget\" data-e-type=\"widget\" data-widget_type=\"pxl_icon_box.default\">\n\t\t\t\t<div class=\"elementor-widget-container\">\n\t\t\t\t\t<div class=\"pxl-icon-box pxl-icon-box2 wow fadeIn\" data-wow-delay=\"ms\">\r\n    <div class=\"pxl-item--inner\">\r\n                            <div class=\"pxl-item--icon\">\r\n                <img loading=\"lazy\" decoding=\"async\" width=\"932\" height=\"857\" src=\"https:\/\/alpinsun.ro\/wp-content\/uploads\/2024\/05\/soneta-gayk.png\" class=\"attachment-full\" alt=\"\" srcset=\"https:\/\/alpinsun.ro\/wp-content\/uploads\/2024\/05\/soneta-gayk.png 932w, https:\/\/alpinsun.ro\/wp-content\/uploads\/2024\/05\/soneta-gayk-300x276.png 300w, https:\/\/alpinsun.ro\/wp-content\/uploads\/2024\/05\/soneta-gayk-768x706.png 768w, https:\/\/alpinsun.ro\/wp-content\/uploads\/2024\/05\/soneta-gayk-772x710.png 772w\" sizes=\"(max-width: 932px) 100vw, 932px\" \/>            <\/div>\r\n                <div class=\"pxl-item--holder\">\r\n                        <h3 class=\"pxl-item--title el-empty\"><a >\r\n                Gayk Sonnet            <\/a> <\/h3>\r\n             <div class=\"pxl-item-link\">\r\n                 <a class=\"pxl-item-link-1\" href=\"\">\r\n                     The Gayk is a hydraulic pile driver designed for maximum efficiency and performance in pole construction and installation work. With its solid construction and advanced technology, this equipment is ideal for compacting and setting poles into the ground. Equipped with a powerful hydraulic system, the Gayk delivers precise and controllable impact force.                 <\/a>\r\n                 <a class=\"pxl-item-link-2\" href=\"\">\r\n                                      <\/a>\r\n             <\/div>\r\n        <\/div>\r\n    <\/div>\r\n<\/div>\t\t\t\t<\/div>\n\t\t\t\t<\/div>\n\t\t\t\t<\/div>\r\n\t\t<div class=\"elementor-element elementor-element-6344964 e-con-full e-flex e-con e-child\" data-id=\"6344964\" data-element_type=\"container\" data-e-type=\"container\">\t\t<div class=\"elementor-element elementor-element-ec034c4 elementor-widget elementor-widget-pxl_icon_box\" data-id=\"ec034c4\" data-element_type=\"widget\" data-e-type=\"widget\" data-widget_type=\"pxl_icon_box.default\">\n\t\t\t\t<div class=\"elementor-widget-container\">\n\t\t\t\t\t<div class=\"pxl-icon-box pxl-icon-box2 wow fadeIn\" data-wow-delay=\"ms\">\r\n    <div class=\"pxl-item--inner\">\r\n                            <div class=\"pxl-item--icon\">\r\n                <img loading=\"lazy\" decoding=\"async\" width=\"932\" height=\"857\" src=\"https:\/\/alpinsun.ro\/wp-content\/uploads\/2024\/05\/Dewalt.png\" class=\"attachment-full\" alt=\"\" srcset=\"https:\/\/alpinsun.ro\/wp-content\/uploads\/2024\/05\/Dewalt.png 932w, https:\/\/alpinsun.ro\/wp-content\/uploads\/2024\/05\/Dewalt-300x276.png 300w, https:\/\/alpinsun.ro\/wp-content\/uploads\/2024\/05\/Dewalt-768x706.png 768w, https:\/\/alpinsun.ro\/wp-content\/uploads\/2024\/05\/Dewalt-772x710.png 772w\" sizes=\"(max-width: 932px) 100vw, 932px\" \/>            <\/div>\r\n                <div class=\"pxl-item--holder\">\r\n                        <h3 class=\"pxl-item--title el-empty\"><a >\r\n                Dewalt            <\/a> <\/h3>\r\n             <div class=\"pxl-item-link\">\r\n                 <a class=\"pxl-item-link-1\" href=\"\">\r\n                     Dewalt tools provide easy and precise handling, reducing the time and effort required to complete projects. Regardless of the specific project requirements, Dewalt tools offer reliability and superior performance, contributing to the successful installation of photovoltaic panels and the creation of sustainable solar energy systems.                 <\/a>\r\n                 <a class=\"pxl-item-link-2\" href=\"\">\r\n                                      <\/a>\r\n             <\/div>\r\n        <\/div>\r\n    <\/div>\r\n<\/div>\t\t\t\t<\/div>\n\t\t\t\t<\/div>\n\t\t\t\t<\/div>\r\n\t\t\t\t\t<\/div>\r\n\t\t\t\t<\/div>\r\n\t\t<div class=\"elementor-element elementor-element-643e2e5 e-flex e-con-boxed e-con e-parent\" data-id=\"643e2e5\" data-element_type=\"container\" data-e-type=\"container\">\t\t\t<div class=\"e-con-inner\">\r\n\t\t<div class=\"elementor-element elementor-element-4661910 e-con-full e-flex e-con e-child\" data-id=\"4661910\" data-element_type=\"container\" data-e-type=\"container\">\t\t<div class=\"elementor-element elementor-element-e4f29f8 elementor-widget elementor-widget-pxl_icon_box\" data-id=\"e4f29f8\" data-element_type=\"widget\" data-e-type=\"widget\" data-widget_type=\"pxl_icon_box.default\">\n\t\t\t\t<div class=\"elementor-widget-container\">\n\t\t\t\t\t<div class=\"pxl-icon-box pxl-icon-box2 wow fadeIn\" data-wow-delay=\"ms\">\r\n    <div class=\"pxl-item--inner\">\r\n                            <div class=\"pxl-item--icon\">\r\n                <img loading=\"lazy\" decoding=\"async\" width=\"932\" height=\"857\" src=\"https:\/\/alpinsun.ro\/wp-content\/uploads\/2024\/05\/miwaukee.png\" class=\"attachment-full\" alt=\"\" srcset=\"https:\/\/alpinsun.ro\/wp-content\/uploads\/2024\/05\/miwaukee.png 932w, https:\/\/alpinsun.ro\/wp-content\/uploads\/2024\/05\/miwaukee-300x276.png 300w, https:\/\/alpinsun.ro\/wp-content\/uploads\/2024\/05\/miwaukee-768x706.png 768w, https:\/\/alpinsun.ro\/wp-content\/uploads\/2024\/05\/miwaukee-772x710.png 772w\" sizes=\"(max-width: 932px) 100vw, 932px\" \/>            <\/div>\r\n                <div class=\"pxl-item--holder\">\r\n                        <h3 class=\"pxl-item--title el-empty\"><a >\r\n                Milwaukee            <\/a> <\/h3>\r\n             <div class=\"pxl-item-link\">\r\n                 <a class=\"pxl-item-link-1\" href=\"\">\r\n                     Milwaukee tools are the standard of excellence in solar construction and installation, and we use them with confidence in our PV panel installation process. With the perfect combination of advanced technology, durability, and ergonomic comfort, Milwaukee tools ensure our team can work efficiently and achieve precise, high-quality results.                 <\/a>\r\n                 <a class=\"pxl-item-link-2\" href=\"\">\r\n                                      <\/a>\r\n             <\/div>\r\n        <\/div>\r\n    <\/div>\r\n<\/div>\t\t\t\t<\/div>\n\t\t\t\t<\/div>\n\t\t\t\t<\/div>\r\n\t\t<div class=\"elementor-element elementor-element-fdf412b e-con-full e-flex e-con e-child\" data-id=\"fdf412b\" data-element_type=\"container\" data-e-type=\"container\">\t\t<div class=\"elementor-element elementor-element-50571c9 elementor-widget elementor-widget-pxl_icon_box\" data-id=\"50571c9\" data-element_type=\"widget\" data-e-type=\"widget\" data-widget_type=\"pxl_icon_box.default\">\n\t\t\t\t<div class=\"elementor-widget-container\">\n\t\t\t\t\t<div class=\"pxl-icon-box pxl-icon-box2 wow fadeIn\" data-wow-delay=\"ms\">\r\n    <div class=\"pxl-item--inner\">\r\n                            <div class=\"pxl-item--icon\">\r\n                <img loading=\"lazy\" decoding=\"async\" width=\"932\" height=\"857\" src=\"https:\/\/alpinsun.ro\/wp-content\/uploads\/2024\/05\/klauke.png\" class=\"attachment-full\" alt=\"\" srcset=\"https:\/\/alpinsun.ro\/wp-content\/uploads\/2024\/05\/klauke.png 932w, https:\/\/alpinsun.ro\/wp-content\/uploads\/2024\/05\/klauke-300x276.png 300w, https:\/\/alpinsun.ro\/wp-content\/uploads\/2024\/05\/klauke-768x706.png 768w, https:\/\/alpinsun.ro\/wp-content\/uploads\/2024\/05\/klauke-772x710.png 772w\" sizes=\"(max-width: 932px) 100vw, 932px\" \/>            <\/div>\r\n                <div class=\"pxl-item--holder\">\r\n                        <h3 class=\"pxl-item--title el-empty\"><a >\r\n                Klauke            <\/a> <\/h3>\r\n             <div class=\"pxl-item-link\">\r\n                 <a class=\"pxl-item-link-1\" href=\"\">\r\n                     Klauke tools are synonymous with superior quality and top performance in the electrical and solar installation industry. In our photovoltaic panel installation process, we confidently use Klauke tools to ensure precise and reliable execution of every aspect of the project. Klauke tools stand out for their solid construction and ergonomic design                 <\/a>\r\n                 <a class=\"pxl-item-link-2\" href=\"\">\r\n                                      <\/a>\r\n             <\/div>\r\n        <\/div>\r\n    <\/div>\r\n<\/div>\t\t\t\t<\/div>\n\t\t\t\t<\/div>\n\t\t\t\t<\/div>\r\n\t\t<div class=\"elementor-element elementor-element-07c2915 e-con-full e-flex e-con e-child\" data-id=\"07c2915\" data-element_type=\"container\" data-e-type=\"container\">\t\t<div class=\"elementor-element elementor-element-bc17a3d elementor-widget elementor-widget-pxl_icon_box\" data-id=\"bc17a3d\" data-element_type=\"widget\" data-e-type=\"widget\" data-widget_type=\"pxl_icon_box.default\">\n\t\t\t\t<div class=\"elementor-widget-container\">\n\t\t\t\t\t<div class=\"pxl-icon-box pxl-icon-box2 wow fadeIn\" data-wow-delay=\"ms\">\r\n    <div class=\"pxl-item--inner\">\r\n                            <div class=\"pxl-item--icon\">\r\n                <img loading=\"lazy\" decoding=\"async\" width=\"932\" height=\"857\" src=\"https:\/\/alpinsun.ro\/wp-content\/uploads\/2024\/05\/cedima.png\" class=\"attachment-full\" alt=\"\" srcset=\"https:\/\/alpinsun.ro\/wp-content\/uploads\/2024\/05\/cedima.png 932w, https:\/\/alpinsun.ro\/wp-content\/uploads\/2024\/05\/cedima-300x276.png 300w, https:\/\/alpinsun.ro\/wp-content\/uploads\/2024\/05\/cedima-768x706.png 768w, https:\/\/alpinsun.ro\/wp-content\/uploads\/2024\/05\/cedima-772x710.png 772w\" sizes=\"(max-width: 932px) 100vw, 932px\" \/>            <\/div>\r\n                <div class=\"pxl-item--holder\">\r\n                        <h3 class=\"pxl-item--title el-empty\"><a >\r\n                Cedima E 3000            <\/a> <\/h3>\r\n             <div class=\"pxl-item-link\">\r\n                 <a class=\"pxl-item-link-1\" href=\"\">\r\n                     We ensure that our drilling operations for the installation of photovoltaic panels are always at the highest level. Robust and reliable, this coring machine offers top performance in a variety of environments and working conditions. With a solid drill column and powerful electric motor, it's designed to handle the demands of the job.                 <\/a>\r\n                 <a class=\"pxl-item-link-2\" href=\"\">\r\n                                      <\/a>\r\n             <\/div>\r\n        <\/div>\r\n    <\/div>\r\n<\/div>\t\t\t\t<\/div>\n\t\t\t\t<\/div>\n\t\t\t\t<\/div>\r\n\t\t\t\t\t<\/div>\r\n\t\t\t\t<\/div>\r\n\t\t\t\t<\/div>","protected":false},"excerpt":{"rendered":"<p>Echipamente profesionale pentru proiecte de succes La Alpin Sun, utiliz\u0103m echipamente de \u00eenalt\u0103 calitate pentru a asigura calitatea \u0219i eficien\u021ba maxim\u0103 a proiectelor noastre. Ne baz\u0103m pe utilaje \u0219i scule de top, esen\u021biale pentru realizarea lucr\u0103rilor la standarde \u00eenalte. Aceste echipamente ne permit s\u0103 abord\u0103m cu succes orice provocare \u0219i s\u0103 garant\u0103m un montaj precis [&hellip;]<\/p>\n","protected":false},"author":48882156851217,"featured_media":0,"parent":0,"menu_order":0,"comment_status":"closed","ping_status":"closed","template":"","meta":{"footnotes":""},"class_list":["post-4918","page","type-page","status-publish","hentry"],"_links":{"self":[{"href":"https:\/\/alpinsun.ro\/en\/wp-json\/wp\/v2\/pages\/4918","targetHints":{"allow":["GET"]}}],"collection":[{"href":"https:\/\/alpinsun.ro\/en\/wp-json\/wp\/v2\/pages"}],"about":[{"href":"https:\/\/alpinsun.ro\/en\/wp-json\/wp\/v2\/types\/page"}],"author":[{"embeddable":true,"href":"https:\/\/alpinsun.ro\/en\/wp-json\/wp\/v2\/users\/48882156851217"}],"replies":[{"embeddable":true,"href":"https:\/\/alpinsun.ro\/en\/wp-json\/wp\/v2\/comments?post=4918"}],"version-history":[{"count":136,"href":"https:\/\/alpinsun.ro\/en\/wp-json\/wp\/v2\/pages\/4918\/revisions"}],"predecessor-version":[{"id":7114,"href":"https:\/\/alpinsun.ro\/en\/wp-json\/wp\/v2\/pages\/4918\/revisions\/7114"}],"wp:attachment":[{"href":"https:\/\/alpinsun.ro\/en\/wp-json\/wp\/v2\/media?parent=4918"}],"curies":[{"name":"wp","href":"https:\/\/api.w.org\/{rel}","templated":true}]}}