{"id":4917,"date":"2023-10-18T18:46:36","date_gmt":"2023-10-18T18:46:36","guid":{"rendered":"https:\/\/demo.bravisthemes.com\/soluris\/?page_id=4917"},"modified":"2024-08-27T17:19:58","modified_gmt":"2024-08-27T17:19:58","slug":"parteneri","status":"publish","type":"page","link":"https:\/\/alpinsun.ro\/en\/parteneri\/","title":{"rendered":"Partners"},"content":{"rendered":"<div data-elementor-type=\"wp-page\" data-elementor-id=\"4917\" class=\"elementor elementor-4917\">\n\t\t\t\t        <section class=\"elementor-section elementor-top-section elementor-element elementor-element-70d312e elementor-section-full_width elementor-section-height-default elementor-section-height-default pxl-type-header-none pxl_section_offset-none pxl-bg-color-none pxl-full-content-with-space-none pxl-row-scroll-none\" data-id=\"70d312e\" data-element_type=\"section\" data-e-type=\"section\" id=\"about\" data-settings=\"{&quot;background_background&quot;:&quot;classic&quot;}\">\n\n                \n                <div class=\"elementor-container elementor-column-gap-extended\">\n                <div class=\"elementor-column elementor-col-100 elementor-top-column elementor-element elementor-element-b594b5e pxl_section_offset-none pxl-container-width-container-1200 pxl-col-none pxl-column-none\" data-id=\"b594b5e\" data-element_type=\"column\" data-e-type=\"column\">\r\n        <div class=\"elementor-widget-wrap elementor-element-populated\">\r\n                     \r\n                <section class=\"elementor-section elementor-inner-section elementor-element elementor-element-dc83c93 elementor-section-boxed elementor-section-height-default elementor-section-height-default pxl-type-header-none pxl-bg-color-none pxl-row-scroll-none\" data-id=\"dc83c93\" data-element_type=\"section\" data-e-type=\"section\">\n\n                \n                <div class=\"elementor-container elementor-column-gap-default\">\n                <div class=\"elementor-column elementor-col-50 elementor-inner-column elementor-element elementor-element-dfc91d5 pxl_section_offset-none pxl-container-width-container-1200 pxl-col-none pxl-column-none\" data-id=\"dfc91d5\" data-element_type=\"column\" data-e-type=\"column\">\r\n        <div class=\"elementor-widget-wrap elementor-element-populated\">\r\n                     \r\n        \t\t<div class=\"elementor-element elementor-element-98d42e8 elementor-widget elementor-widget-pxl_image_box\" data-id=\"98d42e8\" data-element_type=\"widget\" data-e-type=\"widget\" data-widget_type=\"pxl_image_box.default\">\n\t\t\t\t<div class=\"elementor-widget-container\">\n\t\t\t\t\t<div class=\"pxl-image-box pxl-image-box7\" data-wow-delay=\"ms\">\r\n    <div class=\"pxl-item--inner\">\r\n        <a class=\"btn-video-image\" href=\"\">\r\n                            <div class=\"pxl-item--icon\">\r\n                    <i aria-hidden=\"true\" class=\"flaticon flaticon-solar-energy\"><\/i>                <\/div>\r\n                        <div class=\"ct-banner-title ct-circle-type\">\r\n                <svg id=\"tutorial\" data-name=\"tutorial\" xmlns=\"http:\/\/www.w3.org\/2000\/svg\" viewbox=\"0 0 144.48 144.48\">\r\n                    <path id=\"ct-banner-curve\" d=\"M242.93,123A71.74,71.74,0,1,1,171.2,51.22,71.73,71.73,0,0,1,242.93,123Z\" transform=\"translate(-98.96 -50.72)\"\/>\r\n                    <text fill=\"url(#ct-circle-text)\">\r\n                        <textpath href=\"#ct-banner-curve\">\r\n                            13 years experience                         <\/textpath>\r\n                    <\/text>\r\n                <\/svg>\r\n            <\/div>\r\n      <\/a>\r\n              <div class=\"pxl-item--image\">\r\n            <img fetchpriority=\"high\" decoding=\"async\" width=\"480\" height=\"600\" src=\"https:\/\/alpinsun.ro\/wp-content\/uploads\/2024\/04\/Design-fara-titlu-9-1.png\" class=\"pxl-image-wrap attachment-full\" alt=\"\" srcset=\"https:\/\/alpinsun.ro\/wp-content\/uploads\/2024\/04\/Design-fara-titlu-9-1.png 480w, https:\/\/alpinsun.ro\/wp-content\/uploads\/2024\/04\/Design-fara-titlu-9-1-240x300.png 240w\" sizes=\"(max-width: 480px) 100vw, 480px\" \/>                            <div class=\"pxl-item--image2\">\r\n                    <img decoding=\"async\" width=\"307\" height=\"307\" src=\"https:\/\/alpinsun.ro\/wp-content\/uploads\/2024\/04\/Design-fara-titlu-10.png\" class=\"attachment-full\" alt=\"\" srcset=\"https:\/\/alpinsun.ro\/wp-content\/uploads\/2024\/04\/Design-fara-titlu-10.png 307w, https:\/\/alpinsun.ro\/wp-content\/uploads\/2024\/04\/Design-fara-titlu-10-300x300.png 300w, https:\/\/alpinsun.ro\/wp-content\/uploads\/2024\/04\/Design-fara-titlu-10-150x150.png 150w, https:\/\/alpinsun.ro\/wp-content\/uploads\/2024\/04\/Design-fara-titlu-10-190x190.png 190w\" sizes=\"(max-width: 307px) 100vw, 307px\" \/>                <\/div>\r\n                    <\/div>\r\n    <\/div>\r\n<\/div>\t\t\t\t<\/div>\n\t\t\t\t<\/div>\n\t\t            <\/div>\r\n        <\/div>\r\n                <div class=\"elementor-column elementor-col-50 elementor-inner-column elementor-element elementor-element-542e5ac pxl_section_offset-none pxl-container-width-container-1200 pxl-col-none pxl-column-none\" data-id=\"542e5ac\" data-element_type=\"column\" data-e-type=\"column\">\r\n        <div class=\"elementor-widget-wrap elementor-element-populated\">\r\n                     \r\n        \t\t<div class=\"elementor-element elementor-element-a5625a8 elementor-widget elementor-widget-pxl_heading\" data-id=\"a5625a8\" data-element_type=\"widget\" data-e-type=\"widget\" data-widget_type=\"pxl_heading.default\">\n\t\t\t\t<div class=\"elementor-widget-container\">\n\t\t\t\t\t<div class=\"pxl-heading inherit\">\n\t<div class=\"pxl-heading--inner\">\n\t\t\t\t\t<div class=\"pxl-item--subtitle default\" data-wow-delay=\"ms\">\n\t\t\t\t<div class=\"wrap-subtitle\">\n\t\t\t\t\t<span>Where solar meets alpine precision<\/span>\n\t\t\t\t<\/div>\n\t\t\t<\/div>\n\t\t\t\t<h3 class=\"pxl-item--title  highlight-default\" data-wow-delay=\"ms\" >\n\t\tPartnerships for a sustainable future\n\n\n\t\t\t\t\n\t\t<\/h3>\n\t<\/div>\n<\/div>\n\n\t\t\t\t<\/div>\n\t\t\t\t<\/div>\n\t\t\t\t<div class=\"elementor-element elementor-element-f5e5db8 elementor-widget elementor-widget-text-editor\" data-id=\"f5e5db8\" data-element_type=\"widget\" data-e-type=\"widget\" data-widget_type=\"text-editor.default\">\n\t\t\t\t<div class=\"elementor-widget-container\">\n\t\t\t\t\t\t\t\t\t<p>We are open to partnerships that share our vision for a greener and more sustainable future. We work with organizations, institutions and individuals who want to join our efforts to promote renewable energy and sustainable practices. Through our partnerships, we aim to build a healthier environment and a more promising future together.<\/p>\t\t\t\t\t\t\t\t<\/div>\n\t\t\t\t<\/div>\n\t\t\t\t<div class=\"elementor-element elementor-element-131f1b1 elementor-widget elementor-widget-pxl_link\" data-id=\"131f1b1\" data-element_type=\"widget\" data-e-type=\"widget\" data-widget_type=\"pxl_link.default\">\n\t\t\t\t<div class=\"elementor-widget-container\">\n\t\t\t\t\t    <ul class=\"pxl-link pxl-link-l1 style1  hv-style13\" data-wow-delay=\"ms\">\r\n                    <li class=\"elementor-repeater-item-e07c3db\">\r\n                <a >\r\n                                        <span> We offer quality to German standards<\/span>\r\n            <\/a>\r\n        <\/li>\r\n                <li class=\"elementor-repeater-item-56ddc19\">\r\n                <a >\r\n                                        <span> We work efficiently, reliably and deliver on time<\/span>\r\n            <\/a>\r\n        <\/li>\r\n                <li class=\"elementor-repeater-item-93e4d76\">\r\n                <a >\r\n                                        <span> We strive to ensure a lasting relationship<\/span>\r\n            <\/a>\r\n        <\/li>\r\n    <\/ul>\r\n\t\t\t\t<\/div>\n\t\t\t\t<\/div>\n\t\t\t\t<div class=\"elementor-element elementor-element-15ddaf3 elementor-widget elementor-widget-pxl_button\" data-id=\"15ddaf3\" data-element_type=\"widget\" data-e-type=\"widget\" data-widget_type=\"pxl_button.default\">\n\t\t\t\t<div class=\"elementor-widget-container\">\n\t\t\t\t\t<div class=\"pxl-button\">\r\n    <a class=\"btn ft-walsheim btn-secondary pxl-icon--left\" href=\"\/en\/contact\/\" data-wow-delay=\"ms\">\r\n                            <span class=\"pxl--btn-text\" data-text=\"CONTACTEAZA-NE\">\r\n                CONTACT US            <\/span>\r\n            <\/a>\r\n<\/div>\t\t\t\t<\/div>\n\t\t\t\t<\/div>\n\t\t            <\/div>\r\n        <\/div>\r\n        \t\t\t<\/div>\n\t\t<\/section>\n\t\t            <\/div>\r\n        <\/div>\r\n        \t\t\t<\/div>\n\t\t<\/section>\n\t\t        <section class=\"elementor-section elementor-top-section elementor-element elementor-element-4a19783 elementor-section-boxed elementor-section-height-default elementor-section-height-default pxl-type-header-none pxl-bg-color-none pxl-row-scroll-none\" data-id=\"4a19783\" data-element_type=\"section\" data-e-type=\"section\">\n\n                \n                <div class=\"elementor-container elementor-column-gap-default\">\n                <div class=\"elementor-column elementor-col-100 elementor-top-column elementor-element elementor-element-672a84b pxl_section_offset-none pxl-container-width-container-1200 pxl-col-none pxl-column-none\" data-id=\"672a84b\" data-element_type=\"column\" data-e-type=\"column\">\r\n        <div class=\"elementor-widget-wrap elementor-element-populated\">\r\n                     \r\n        \t\t<div class=\"elementor-element elementor-element-c686efd elementor-widget elementor-widget-text-editor\" data-id=\"c686efd\" data-element_type=\"widget\" data-e-type=\"widget\" data-widget_type=\"text-editor.default\">\n\t\t\t\t<div class=\"elementor-widget-container\">\n\t\t\t\t\t\t\t\t\t<h2 class=\"cspt-element-title\">Build your sustainable future with Team Alpin Sun!<\/h2>\t\t\t\t\t\t\t\t<\/div>\n\t\t\t\t<\/div>\n\t\t\t\t<div class=\"elementor-element elementor-element-28c1c31 elementor-widget elementor-widget-text-editor\" data-id=\"28c1c31\" data-element_type=\"widget\" data-e-type=\"widget\" data-widget_type=\"text-editor.default\">\n\t\t\t\t<div class=\"elementor-widget-container\">\n\t\t\t\t\t\t\t\t\t<p>Let's work together to build a better future! We are looking for partners who share the same passion and commitment to sustainability and innovation. Join us in our mission to promote renewable energy and create a cleaner and healthier environment for future generations.<\/p>\t\t\t\t\t\t\t\t<\/div>\n\t\t\t\t<\/div>\n\t\t            <\/div>\r\n        <\/div>\r\n        \t\t\t<\/div>\n\t\t<\/section>\n\t\t        <section class=\"elementor-section elementor-top-section elementor-element elementor-element-7ee907b elementor-section-height-min-height elementor-section-boxed elementor-section-height-default elementor-section-items-middle pxl-type-header-none pxl-bg-color-none pxl-row-scroll-none\" data-id=\"7ee907b\" data-element_type=\"section\" data-e-type=\"section\" data-settings=\"{&quot;background_background&quot;:&quot;classic&quot;}\">\n\n                            <div class=\"elementor-background-overlay\"><\/div>\n            \n                <div class=\"elementor-container elementor-column-gap-default\">\n                <div class=\"elementor-column elementor-col-100 elementor-top-column elementor-element elementor-element-30c445c pxl_section_offset-none pxl-container-width-container-1200 pxl-col-none pxl-column-none\" data-id=\"30c445c\" data-element_type=\"column\" data-e-type=\"column\">\r\n        <div class=\"elementor-widget-wrap elementor-element-populated\">\r\n                     \r\n        \t\t<div class=\"elementor-element elementor-element-24a6e4a elementor-widget elementor-widget-pxl_client_carousel\" data-id=\"24a6e4a\" data-element_type=\"widget\" data-e-type=\"widget\" data-widget_type=\"pxl_client_carousel.default\">\n\t\t\t\t<div class=\"elementor-widget-container\">\n\t\t\t\t\t    <div class=\"pxl-swiper-sliders pxl-client-carousel pxl-client-carousel1 pxl-swiper-arrow-show\" data-arrow=\"false\">\n        <div class=\"pxl-carousel-inner\">\n            <div class=\"pxl-swiper-container\" dir=\"ltr\" data-settings=\"{&quot;slide_direction&quot;:&quot;horizontal&quot;,&quot;slide_percolumn&quot;:&quot;1&quot;,&quot;slide_mode&quot;:&quot;slide&quot;,&quot;slides_to_show&quot;:&quot;5&quot;,&quot;slides_to_show_xxl&quot;:&quot;5&quot;,&quot;slides_to_show_lg&quot;:&quot;4&quot;,&quot;slides_to_show_md&quot;:&quot;3&quot;,&quot;slides_to_show_sm&quot;:&quot;3&quot;,&quot;slides_to_show_xs&quot;:&quot;2&quot;,&quot;slides_to_scroll&quot;:&quot;1&quot;,&quot;arrow&quot;:&quot;false&quot;,&quot;pagination&quot;:&quot;true&quot;,&quot;pagination_type&quot;:&quot;bullets&quot;,&quot;autoplay&quot;:&quot;true&quot;,&quot;pause_on_hover&quot;:&quot;true&quot;,&quot;pause_on_interaction&quot;:&quot;true&quot;,&quot;delay&quot;:5000,&quot;loop&quot;:&quot;false&quot;,&quot;speed&quot;:500}\">\n                <div class=\"pxl-swiper-wrapper\">\n                                            <div class=\"pxl-swiper-slide\">\n                            <div class=\"pxl-item--inner\" data-wow-delay=\"ms\">\n                                                                     <div class=\"pxl-item-client\">\n                                        <a >\n                                            <img decoding=\"async\" width=\"173\" height=\"61\" src=\"https:\/\/alpinsun.ro\/wp-content\/uploads\/2024\/05\/chint.png\" class=\"no-lazyload attachment-full\" alt=\"\" \/>                                            <img decoding=\"async\" width=\"173\" height=\"61\" src=\"https:\/\/alpinsun.ro\/wp-content\/uploads\/2024\/05\/chint.png\" class=\"no-lazyload attachment-full\" alt=\"\" \/>                                            \n                                        <\/a>\n                                    <\/div>\n                                                           <\/div>\n                        <\/div>\n                                            <div class=\"pxl-swiper-slide\">\n                            <div class=\"pxl-item--inner\" data-wow-delay=\"ms\">\n                                                                     <div class=\"pxl-item-client\">\n                                        <a >\n                                            <img loading=\"lazy\" decoding=\"async\" width=\"173\" height=\"61\" src=\"https:\/\/alpinsun.ro\/wp-content\/uploads\/2024\/05\/dahai.png\" class=\"no-lazyload attachment-full\" alt=\"\" \/>                                            <img loading=\"lazy\" decoding=\"async\" width=\"173\" height=\"61\" src=\"https:\/\/alpinsun.ro\/wp-content\/uploads\/2024\/05\/dahai.png\" class=\"no-lazyload attachment-full\" alt=\"\" \/>                                            \n                                        <\/a>\n                                    <\/div>\n                                                           <\/div>\n                        <\/div>\n                                            <div class=\"pxl-swiper-slide\">\n                            <div class=\"pxl-item--inner\" data-wow-delay=\"ms\">\n                                                                     <div class=\"pxl-item-client\">\n                                        <a >\n                                            <img loading=\"lazy\" decoding=\"async\" width=\"173\" height=\"61\" src=\"https:\/\/alpinsun.ro\/wp-content\/uploads\/2024\/05\/huawei.png\" class=\"no-lazyload attachment-full\" alt=\"\" \/>                                            <img loading=\"lazy\" decoding=\"async\" width=\"173\" height=\"61\" src=\"https:\/\/alpinsun.ro\/wp-content\/uploads\/2024\/05\/huawei.png\" class=\"no-lazyload attachment-full\" alt=\"\" \/>                                            \n                                        <\/a>\n                                    <\/div>\n                                                           <\/div>\n                        <\/div>\n                                            <div class=\"pxl-swiper-slide\">\n                            <div class=\"pxl-item--inner\" data-wow-delay=\"ms\">\n                                                                     <div class=\"pxl-item-client\">\n                                        <a >\n                                            <img loading=\"lazy\" decoding=\"async\" width=\"173\" height=\"61\" src=\"https:\/\/alpinsun.ro\/wp-content\/uploads\/2024\/05\/jasolar.png\" class=\"no-lazyload attachment-full\" alt=\"\" \/>                                            <img loading=\"lazy\" decoding=\"async\" width=\"173\" height=\"61\" src=\"https:\/\/alpinsun.ro\/wp-content\/uploads\/2024\/05\/jasolar.png\" class=\"no-lazyload attachment-full\" alt=\"\" \/>                                            \n                                        <\/a>\n                                    <\/div>\n                                                           <\/div>\n                        <\/div>\n                                            <div class=\"pxl-swiper-slide\">\n                            <div class=\"pxl-item--inner\" data-wow-delay=\"ms\">\n                                                                     <div class=\"pxl-item-client\">\n                                        <a >\n                                            <img loading=\"lazy\" decoding=\"async\" width=\"173\" height=\"61\" src=\"https:\/\/alpinsun.ro\/wp-content\/uploads\/2024\/05\/canadian.png\" class=\"no-lazyload attachment-full\" alt=\"\" \/>                                            <img loading=\"lazy\" decoding=\"async\" width=\"173\" height=\"61\" src=\"https:\/\/alpinsun.ro\/wp-content\/uploads\/2024\/05\/canadian.png\" class=\"no-lazyload attachment-full\" alt=\"\" \/>                                            \n                                        <\/a>\n                                    <\/div>\n                                                           <\/div>\n                        <\/div>\n                                            <div class=\"pxl-swiper-slide\">\n                            <div class=\"pxl-item--inner\" data-wow-delay=\"ms\">\n                                                                     <div class=\"pxl-item-client\">\n                                        <a >\n                                            <img loading=\"lazy\" decoding=\"async\" width=\"173\" height=\"61\" src=\"https:\/\/alpinsun.ro\/wp-content\/uploads\/2024\/05\/longi.png\" class=\"no-lazyload attachment-full\" alt=\"\" \/>                                            <img loading=\"lazy\" decoding=\"async\" width=\"173\" height=\"61\" src=\"https:\/\/alpinsun.ro\/wp-content\/uploads\/2024\/05\/longi.png\" class=\"no-lazyload attachment-full\" alt=\"\" \/>                                            \n                                        <\/a>\n                                    <\/div>\n                                                           <\/div>\n                        <\/div>\n                                            <div class=\"pxl-swiper-slide\">\n                            <div class=\"pxl-item--inner\" data-wow-delay=\"ms\">\n                                                                     <div class=\"pxl-item-client\">\n                                        <a >\n                                            <img loading=\"lazy\" decoding=\"async\" width=\"173\" height=\"61\" src=\"https:\/\/alpinsun.ro\/wp-content\/uploads\/2024\/05\/risen.png\" class=\"no-lazyload attachment-full\" alt=\"\" \/>                                            <img loading=\"lazy\" decoding=\"async\" width=\"173\" height=\"61\" src=\"https:\/\/alpinsun.ro\/wp-content\/uploads\/2024\/05\/risen.png\" class=\"no-lazyload attachment-full\" alt=\"\" \/>                                            \n                                        <\/a>\n                                    <\/div>\n                                                           <\/div>\n                        <\/div>\n                                            <div class=\"pxl-swiper-slide\">\n                            <div class=\"pxl-item--inner\" data-wow-delay=\"ms\">\n                                                                     <div class=\"pxl-item-client\">\n                                        <a >\n                                            <img loading=\"lazy\" decoding=\"async\" width=\"173\" height=\"61\" src=\"https:\/\/alpinsun.ro\/wp-content\/uploads\/2024\/05\/Solar-Edge.png\" class=\"no-lazyload attachment-full\" alt=\"\" \/>                                            <img loading=\"lazy\" decoding=\"async\" width=\"173\" height=\"61\" src=\"https:\/\/alpinsun.ro\/wp-content\/uploads\/2024\/05\/Solar-Edge.png\" class=\"no-lazyload attachment-full\" alt=\"\" \/>                                            \n                                        <\/a>\n                                    <\/div>\n                                                           <\/div>\n                        <\/div>\n                                            <div class=\"pxl-swiper-slide\">\n                            <div class=\"pxl-item--inner\" data-wow-delay=\"ms\">\n                                                                     <div class=\"pxl-item-client\">\n                                        <a >\n                                            <img loading=\"lazy\" decoding=\"async\" width=\"173\" height=\"61\" src=\"https:\/\/alpinsun.ro\/wp-content\/uploads\/2024\/05\/sungrow.png\" class=\"no-lazyload attachment-full\" alt=\"\" \/>                                            <img loading=\"lazy\" decoding=\"async\" width=\"173\" height=\"61\" src=\"https:\/\/alpinsun.ro\/wp-content\/uploads\/2024\/05\/sungrow.png\" class=\"no-lazyload attachment-full\" alt=\"\" \/>                                            \n                                        <\/a>\n                                    <\/div>\n                                                           <\/div>\n                        <\/div>\n                                            <div class=\"pxl-swiper-slide\">\n                            <div class=\"pxl-item--inner\" data-wow-delay=\"ms\">\n                                                                     <div class=\"pxl-item-client\">\n                                        <a >\n                                            <img loading=\"lazy\" decoding=\"async\" width=\"173\" height=\"61\" src=\"https:\/\/alpinsun.ro\/wp-content\/uploads\/2024\/05\/Think-Power.png\" class=\"no-lazyload attachment-full\" alt=\"\" \/>                                            <img loading=\"lazy\" decoding=\"async\" width=\"173\" height=\"61\" src=\"https:\/\/alpinsun.ro\/wp-content\/uploads\/2024\/05\/Think-Power.png\" class=\"no-lazyload attachment-full\" alt=\"\" \/>                                            \n                                        <\/a>\n                                    <\/div>\n                                                           <\/div>\n                        <\/div>\n                                    <\/div>\n            <\/div>\n                                        <div class=\"pxl-swiper-dots\"><\/div>\n                    <\/div>\n    <\/div>\n\t\t\t\t<\/div>\n\t\t\t\t<\/div>\n\t\t            <\/div>\r\n        <\/div>\r\n        \t\t\t<\/div>\n\t\t<\/section>\n\t\t\t\t<\/div>","protected":false},"excerpt":{"rendered":"<p>13 ani experien\u021b\u0103 Where solar meets alpine precision Parteneriate pentru un viitor sustenabil Suntem deschi\u0219i parteneriatelor care \u00eemp\u0103rt\u0103\u0219esc viziunea noastr\u0103 pentru un viitor mai verde \u0219i mai durabil. Colabor\u0103m cu organiza\u021bii, institu\u021bii \u0219i persoane care doresc s\u0103 se al\u0103ture eforturilor noastre \u00een promovarea energiei regenerabile \u0219i a practicilor sustenabile. Prin parteneriatele noastre, ne propunem s\u0103 [&hellip;]<\/p>\n","protected":false},"author":48882156851217,"featured_media":0,"parent":0,"menu_order":0,"comment_status":"closed","ping_status":"closed","template":"","meta":{"footnotes":""},"class_list":["post-4917","page","type-page","status-publish","hentry"],"_links":{"self":[{"href":"https:\/\/alpinsun.ro\/en\/wp-json\/wp\/v2\/pages\/4917","targetHints":{"allow":["GET"]}}],"collection":[{"href":"https:\/\/alpinsun.ro\/en\/wp-json\/wp\/v2\/pages"}],"about":[{"href":"https:\/\/alpinsun.ro\/en\/wp-json\/wp\/v2\/types\/page"}],"author":[{"embeddable":true,"href":"https:\/\/alpinsun.ro\/en\/wp-json\/wp\/v2\/users\/48882156851217"}],"replies":[{"embeddable":true,"href":"https:\/\/alpinsun.ro\/en\/wp-json\/wp\/v2\/comments?post=4917"}],"version-history":[{"count":58,"href":"https:\/\/alpinsun.ro\/en\/wp-json\/wp\/v2\/pages\/4917\/revisions"}],"predecessor-version":[{"id":7642,"href":"https:\/\/alpinsun.ro\/en\/wp-json\/wp\/v2\/pages\/4917\/revisions\/7642"}],"wp:attachment":[{"href":"https:\/\/alpinsun.ro\/en\/wp-json\/wp\/v2\/media?parent=4917"}],"curies":[{"name":"wp","href":"https:\/\/api.w.org\/{rel}","templated":true}]}}