{"id":2785,"date":"2023-06-03T17:49:04","date_gmt":"2023-06-03T17:49:04","guid":{"rendered":"https:\/\/demo.bravisthemes.com\/soluris\/?page_id=2785"},"modified":"2024-08-27T17:18:53","modified_gmt":"2024-08-27T17:18:53","slug":"povestea-noastra","status":"publish","type":"page","link":"https:\/\/alpinsun.ro\/en\/povestea-noastra\/","title":{"rendered":"Our Story"},"content":{"rendered":"<div data-elementor-type=\"wp-page\" data-elementor-id=\"2785\" class=\"elementor elementor-2785\">\n\t\t\t\t        <section class=\"elementor-section elementor-top-section elementor-element elementor-element-d7d054d elementor-section-stretched elementor-section-full_width elementor-section-height-default elementor-section-height-default pxl-type-header-none pxl_section_offset-none pxl-bg-color-none pxl-full-content-with-space-none pxl-row-scroll-none\" data-id=\"d7d054d\" data-element_type=\"section\" data-e-type=\"section\" data-settings=\"{&quot;stretch_section&quot;:&quot;section-stretched&quot;,&quot;background_background&quot;:&quot;classic&quot;}\">\n\n                \n                <div class=\"elementor-container elementor-column-gap-extended\">\n                <div class=\"elementor-column elementor-col-50 elementor-top-column elementor-element elementor-element-ce1b53c pxl_section_offset-none pxl-container-width-container-1200 pxl-col-none pxl-column-none\" data-id=\"ce1b53c\" data-element_type=\"column\" data-e-type=\"column\">\r\n        <div class=\"elementor-widget-wrap elementor-element-populated\">\r\n                     \r\n        \t\t<div class=\"elementor-element elementor-element-68ab6ce elementor-widget__width-auto elementor-invisible elementor-widget elementor-widget-pxl_image_box\" data-id=\"68ab6ce\" data-element_type=\"widget\" data-e-type=\"widget\" data-settings=\"{&quot;_animation&quot;:&quot;fadeInLeft&quot;}\" data-widget_type=\"pxl_image_box.default\">\n\t\t\t\t<div class=\"elementor-widget-container\">\n\t\t\t\t\t<div class=\"pxl-image-box pxl-image-box5\" data-wow-delay=\"ms\">\r\n    <div class=\"pxl-item--inner\">\r\n        <a class=\"btn-video-image\" href=\"https:\/\/www.youtube.com\/watch?v=TKnufs85hXk\" rel=\"nofollow noopener\" target=\"_blank\">\r\n                            <div class=\"pxl-item--icon\">\r\n                    <i aria-hidden=\"true\" class=\"caseicon caseicon-play1\"><\/i>                <\/div>\r\n                        <div class=\"ct-banner-title ct-circle-type\">\r\n                <svg id=\"tutorial\" data-name=\"tutorial\" xmlns=\"http:\/\/www.w3.org\/2000\/svg\" viewbox=\"0 0 144.48 144.48\">\r\n                    <path id=\"ct-banner-curve\" d=\"M242.93,123A71.74,71.74,0,1,1,171.2,51.22,71.73,71.73,0,0,1,242.93,123Z\" transform=\"translate(-98.96 -50.72)\"\/>\r\n                    <text fill=\"url(#ct-circle-text)\">\r\n                        <textpath href=\"#ct-banner-curve\">\r\n                            13 ANI EXPERIEN\u021a\u0102                        <\/textpath>\r\n                    <\/text>\r\n                <\/svg>\r\n            <\/div>\r\n      <\/a>\r\n              <div class=\"pxl-item--image\">\r\n            <img fetchpriority=\"high\" decoding=\"async\" class=\"pxl-image-wrap\" src=\"https:\/\/alpinsun.ro\/wp-content\/uploads\/2023\/06\/stand-alone-solar-panel-system-installation-renewable-green-energy-650x685.jpg\" width=\"650\" height=\"685\" alt=\"stand-alone-solar-panel-system-installation-renewable-green-energy\" title=\"stand-alone-solar-panel-system-installation-renewable-green-energy\" \/>                            <div class=\"pxl-item--image2\">\r\n                    <img decoding=\"async\" width=\"290\" height=\"300\" src=\"https:\/\/alpinsun.ro\/wp-content\/uploads\/2024\/04\/panouri-solare.png\" class=\"attachment-full\" alt=\"\" \/>                <\/div>\r\n                    <\/div>\r\n    <\/div>\r\n<\/div>\t\t\t\t<\/div>\n\t\t\t\t<\/div>\n\t\t            <\/div>\r\n        <\/div>\r\n                <div class=\"elementor-column elementor-col-50 elementor-top-column elementor-element elementor-element-015eab4 pxl_section_offset-none pxl-container-width-container-1200 pxl-col-none pxl-column-none\" data-id=\"015eab4\" data-element_type=\"column\" data-e-type=\"column\">\r\n        <div class=\"elementor-widget-wrap elementor-element-populated\">\r\n                     \r\n                <section class=\"elementor-section elementor-inner-section elementor-element elementor-element-869913d elementor-section-full_width elementor-section-height-default elementor-section-height-default pxl-type-header-none pxl_section_offset-none pxl-bg-color-none pxl-full-content-with-space-none pxl-row-scroll-none elementor-invisible\" data-id=\"869913d\" data-element_type=\"section\" data-e-type=\"section\" data-settings=\"{&quot;background_background&quot;:&quot;classic&quot;,&quot;animation&quot;:&quot;fadeInRight&quot;}\">\n\n                \n                <div class=\"elementor-container elementor-column-gap-extended\">\n                <div class=\"elementor-column elementor-col-100 elementor-inner-column elementor-element elementor-element-aa506a5 pxl_section_offset-none pxl-container-width-container-1200 pxl-col-none pxl-column-none\" data-id=\"aa506a5\" data-element_type=\"column\" data-e-type=\"column\">\r\n        <div class=\"elementor-widget-wrap elementor-element-populated\">\r\n                     \r\n        \t\t<div class=\"elementor-element elementor-element-d6bfa1f elementor-widget elementor-widget-pxl_heading\" data-id=\"d6bfa1f\" data-element_type=\"widget\" data-e-type=\"widget\" data-widget_type=\"pxl_heading.default\">\n\t\t\t\t<div class=\"elementor-widget-container\">\n\t\t\t\t\t<div class=\"pxl-heading inherit\">\n\t<div class=\"pxl-heading--inner\">\n\t\t\t\t\t<div class=\"pxl-item--subtitle default\" data-wow-delay=\"ms\">\n\t\t\t\t<div class=\"wrap-subtitle\">\n\t\t\t\t\t<span>Where solar meets alpine precision<\/span>\n\t\t\t\t<\/div>\n\t\t\t<\/div>\n\t\t\t\t<h3 class=\"pxl-item--title  highlight-default\" data-wow-delay=\"ms\" >\n\t\tInnovating for a sustainable future\n\n\n\t\t\t\t\n\t\t<\/h3>\n\t<\/div>\n<\/div>\n\n\t\t\t\t<\/div>\n\t\t\t\t<\/div>\n\t\t\t\t<div class=\"elementor-element elementor-element-bc3ae58 elementor-widget elementor-widget-pxl_text_editor\" data-id=\"bc3ae58\" data-element_type=\"widget\" data-e-type=\"widget\" data-widget_type=\"pxl_text_editor.default\">\n\t\t\t\t<div class=\"elementor-widget-container\">\n\t\t\t\t\t<div class=\"pxl-text-editor\">\n\t<div class=\"pxl-item--inner  ft-theme\" data-wow-delay=\"ms\">\n\t\t<p>Our story begins with our passion for solar energy and our desire to simplify people's lives, reducing energy bills and contributing to a more sustainable future. Since installing the first photovoltaic panels in 2011 in Germany, the Netherlands, Belgium and Romania, we have aimed to bring reliable solutions in the transition to green energy. Today, at Alpin Sun, we continue to deliver precision solar technology, bringing solar energy and its benefits to homes and communities across Europe.<\/p>\t<\/div>\n<\/div>\t\t\t\t<\/div>\n\t\t\t\t<\/div>\n\t\t\t\t<div class=\"elementor-element elementor-element-8954b5c elementor-widget__width-auto elementor-widget-mobile__width-inherit elementor-widget elementor-widget-pxl_icon_box\" data-id=\"8954b5c\" data-element_type=\"widget\" data-e-type=\"widget\" data-widget_type=\"pxl_icon_box.default\">\n\t\t\t\t<div class=\"elementor-widget-container\">\n\t\t\t\t\t<div class=\"pxl-icon-box pxl-icon-box13\" data-wow-delay=\"ms\">\r\n    <div class=\"pxl-item--inner\">\r\n                    <div class=\"pxl-item--icon\">\r\n                <i aria-hidden=\"true\" class=\"flaticon flaticon-renewable-energy\"><\/i>            <\/div>\r\n                        <div class=\"pxl-item--holder\">\r\n            <div class=\"pxl-item--title el-empty\">\r\n                Projects realized according to German standards.            <\/div>\r\n            <a >\r\n                          <\/a> \r\n       <\/div>\r\n   <\/div>\r\n<\/div>\r\n\r\n\t\t\t\t<\/div>\n\t\t\t\t<\/div>\n\t\t\t\t<div class=\"elementor-element elementor-element-3622fc0 elementor-widget__width-auto elementor-widget-mobile__width-inherit elementor-widget elementor-widget-pxl_icon_box\" data-id=\"3622fc0\" data-element_type=\"widget\" data-e-type=\"widget\" data-widget_type=\"pxl_icon_box.default\">\n\t\t\t\t<div class=\"elementor-widget-container\">\n\t\t\t\t\t<div class=\"pxl-icon-box pxl-icon-box13\" data-wow-delay=\"ms\">\r\n    <div class=\"pxl-item--inner\">\r\n                    <div class=\"pxl-item--icon\">\r\n                <i aria-hidden=\"true\" class=\"flaticon flaticon-gear\"><\/i>            <\/div>\r\n                        <div class=\"pxl-item--holder\">\r\n            <div class=\"pxl-item--title el-empty\">\r\n                Green energy solutions also accessible in Romania.            <\/div>\r\n            <a >\r\n                          <\/a> \r\n       <\/div>\r\n   <\/div>\r\n<\/div>\r\n\r\n\t\t\t\t<\/div>\n\t\t\t\t<\/div>\n\t\t\t\t<div class=\"elementor-element elementor-element-b6b6661 elementor-widget elementor-widget-pxl_button\" data-id=\"b6b6661\" data-element_type=\"widget\" data-e-type=\"widget\" data-widget_type=\"pxl_button.default\">\n\t\t\t\t<div class=\"elementor-widget-container\">\n\t\t\t\t\t<div class=\"pxl-button\">\r\n    <a class=\"btn  btn-secondary pxl-icon--left\" href=\"\/en\/contact\/\" data-wow-delay=\"ms\">\r\n                            <span class=\"pxl--btn-text\" data-text=\"CONTACTEAZA-NE\">\r\n                CONTACT US            <\/span>\r\n            <\/a>\r\n<\/div>\t\t\t\t<\/div>\n\t\t\t\t<\/div>\n\t\t            <\/div>\r\n        <\/div>\r\n        \t\t\t<\/div>\n\t\t<\/section>\n\t\t            <\/div>\r\n        <\/div>\r\n        \t\t\t<\/div>\n\t\t<\/section>\n\t\t        <section class=\"elementor-section elementor-top-section elementor-element elementor-element-4dc9b36 elementor-section-boxed elementor-section-height-default elementor-section-height-default pxl-type-header-none pxl-bg-color-none pxl-row-scroll-none\" data-id=\"4dc9b36\" data-element_type=\"section\" data-e-type=\"section\" data-settings=\"{&quot;background_background&quot;:&quot;classic&quot;}\">\n\n                            <div class=\"elementor-background-overlay\"><\/div>\n            \n                <div class=\"elementor-container elementor-column-gap-default\">\n                <div class=\"elementor-column elementor-col-100 elementor-top-column elementor-element elementor-element-a93a072 pxl_section_offset-none pxl-container-width-container-1200 pxl-col-none pxl-column-none\" data-id=\"a93a072\" data-element_type=\"column\" data-e-type=\"column\">\r\n        <div class=\"elementor-widget-wrap elementor-element-populated\">\r\n                     \r\n        \t\t<div class=\"elementor-element elementor-element-e7f72c0 elementor-widget elementor-widget-pxl_heading\" data-id=\"e7f72c0\" data-element_type=\"widget\" data-e-type=\"widget\" data-widget_type=\"pxl_heading.default\">\n\t\t\t\t<div class=\"elementor-widget-container\">\n\t\t\t\t\t<div class=\"pxl-heading inherit\">\n\t<div class=\"pxl-heading--inner\">\n\t\t\t\t\t<div class=\"pxl-item--subtitle default\" data-wow-delay=\"ms\">\n\t\t\t\t<div class=\"wrap-subtitle\">\n\t\t\t\t\t<span>Where solar meets alpine precision<\/span>\n\t\t\t\t<\/div>\n\t\t\t<\/div>\n\t\t\t\t<h3 class=\"pxl-item--title  highlight-default\" data-wow-delay=\"ms\" >\n\t\tAlpin Sun Pillars\n\n\n\t\t\t\t\n\t\t<\/h3>\n\t<\/div>\n<\/div>\n\n\t\t\t\t<\/div>\n\t\t\t\t<\/div>\n\t\t\t\t<div class=\"elementor-element elementor-element-5c10482 elementor-widget elementor-widget-pxl_icon_box_carousel\" data-id=\"5c10482\" data-element_type=\"widget\" data-e-type=\"widget\" data-widget_type=\"pxl_icon_box_carousel.default\">\n\t\t\t\t<div class=\"elementor-widget-container\">\n\t\t\t\t\t    <div class=\"pxl-swiper-sliders pxl-icon-box-carousel pxl-icon-box-carousel4\" data-cursor-label=\"drag\" data-view-auto=\"3\" data-show-arrow=\"false\">\n\n        <div class=\"pxl-carousel-inner\">\n            <div class=\"pxl-swiper-container\" dir=\"ltr\" data-settings=\"{&quot;slide_direction&quot;:&quot;horizontal&quot;,&quot;slide_percolumn&quot;:&quot;1&quot;,&quot;slide_mode&quot;:&quot;slide&quot;,&quot;slides_to_show&quot;:&quot;3&quot;,&quot;slides_to_show_xxl&quot;:&quot;3&quot;,&quot;slides_to_show_lg&quot;:&quot;3&quot;,&quot;slides_to_show_md&quot;:&quot;2&quot;,&quot;slides_to_show_sm&quot;:&quot;2&quot;,&quot;slides_to_show_xs&quot;:&quot;1&quot;,&quot;slides_to_scroll&quot;:&quot;1&quot;,&quot;arrow&quot;:&quot;false&quot;,&quot;pagination&quot;:&quot;true&quot;,&quot;pagination_type&quot;:&quot;bullets&quot;,&quot;autoplay&quot;:&quot;true&quot;,&quot;pause_on_hover&quot;:&quot;&quot;,&quot;pause_on_interaction&quot;:&quot;true&quot;,&quot;delay&quot;:5000,&quot;loop&quot;:&quot;true&quot;,&quot;speed&quot;:500}\">\n                <div class=\"pxl-swiper-wrapper\">\n\n                                        \n                        <div class=\"pxl-swiper-slide\">\n                         <div class=\"item-left-slide\"><\/div>\n                         <div class=\"wrap-inner-content\">\n                            <span class=\"text-step\">step   \n                                01                            <\/span>\n                            <div class=\"pxl-test-content\">                             \n                                <div class=\"pxl-item--icon\">\n                                    <i aria-hidden=\"true\" class=\"flaticon flaticon-solar-panels-1\"><\/i>                                    <span class=\"pxl-item-count\">\n                                        01                                    <\/span>\n                                <\/div>\n\n                            <\/div>\n                            <div class=\"pxl-item-client\" data-wow-delay=\"ms\">\n                                <h5 class=\"pxl-item--title\">\n                                    Technology with high quality standards                                <\/h5>\n                                <p class=\"pxl-item-desc\"> We choose and work with high-quality photovoltaic systems.\nOur team continuously improves its structural design,\nuse of materials and mounting processes.<\/p>\n                            <\/div>\n                        <\/div>\n                    <\/div>\n                \n                        <div class=\"pxl-swiper-slide\">\n                         <div class=\"item-left-slide\"><\/div>\n                         <div class=\"wrap-inner-content\">\n                            <span class=\"text-step\">step   \n                                02                            <\/span>\n                            <div class=\"pxl-test-content\">                             \n                                <div class=\"pxl-item--icon\">\n                                    <i aria-hidden=\"true\" class=\"flaticon flaticon-lighting\"><\/i>                                    <span class=\"pxl-item-count\">\n                                        02                                    <\/span>\n                                <\/div>\n\n                            <\/div>\n                            <div class=\"pxl-item-client\" data-wow-delay=\"ms\">\n                                <h5 class=\"pxl-item--title\">\n                                    Projects according to German standards                                <\/h5>\n                                <p class=\"pxl-item-desc\"> We offer quality to German standards. We work efficiently, reliably and\ndeliver on time. Our products and quality management are\ncertified, committing us to excellence.<\/p>\n                            <\/div>\n                        <\/div>\n                    <\/div>\n                \n                        <div class=\"pxl-swiper-slide\">\n                         <div class=\"item-left-slide\"><\/div>\n                         <div class=\"wrap-inner-content\">\n                            <span class=\"text-step\">step   \n                                03                            <\/span>\n                            <div class=\"pxl-test-content\">                             \n                                <div class=\"pxl-item--icon\">\n                                    <i aria-hidden=\"true\" class=\"flaticon flaticon-solar-panel\"><\/i>                                    <span class=\"pxl-item-count\">\n                                        03                                    <\/span>\n                                <\/div>\n\n                            <\/div>\n                            <div class=\"pxl-item-client\" data-wow-delay=\"ms\">\n                                <h5 class=\"pxl-item--title\">\n                                    Dedication and patience for every project                                <\/h5>\n                                <p class=\"pxl-item-desc\"> We offer customized solutions in order to\nensure long-term project effectiveness. Patience is\nan essential quality, and it is necessary to work day in day out with attention to detail.<\/p>\n                            <\/div>\n                        <\/div>\n                    <\/div>\n                \n                        <div class=\"pxl-swiper-slide\">\n                         <div class=\"item-left-slide\"><\/div>\n                         <div class=\"wrap-inner-content\">\n                            <span class=\"text-step\">step   \n                                04                            <\/span>\n                            <div class=\"pxl-test-content\">                             \n                                <div class=\"pxl-item--icon\">\n                                    <i aria-hidden=\"true\" class=\"flaticon flaticon-green-energy\"><\/i>                                    <span class=\"pxl-item-count\">\n                                        04                                    <\/span>\n                                <\/div>\n\n                            <\/div>\n                            <div class=\"pxl-item-client\" data-wow-delay=\"ms\">\n                                <h5 class=\"pxl-item--title\">\n                                    Reliable services for sustainable living                                <\/h5>\n                                <p class=\"pxl-item-desc\"> We strive to ensure a lasting relationship with both our customers and our suppliers. This is reflected\nin a portfolio of customers and a range of leading products.<\/p>\n                            <\/div>\n                        <\/div>\n                    <\/div>\n                            <\/div>\n        <\/div>\n                            <div class=\"pxl-swiper-dots\"><\/div>\n            <\/div>\n<\/div>\n\t\t\t\t<\/div>\n\t\t\t\t<\/div>\n\t\t            <\/div>\r\n        <\/div>\r\n        \t\t\t<\/div>\n\t\t<\/section>\n\t\t        <section class=\"elementor-section elementor-top-section elementor-element elementor-element-74431c9 elementor-section-boxed elementor-section-height-default elementor-section-height-default pxl-type-header-none pxl-bg-color-none pxl-row-scroll-none elementor-invisible\" data-id=\"74431c9\" data-element_type=\"section\" data-e-type=\"section\" data-settings=\"{&quot;background_background&quot;:&quot;classic&quot;,&quot;animation&quot;:&quot;fadeInUp&quot;}\">\n\n                \n                <div class=\"elementor-container elementor-column-gap-default\">\n                <div class=\"elementor-column elementor-col-25 elementor-top-column elementor-element elementor-element-46d344c pxl_section_offset-none pxl-container-width-container-1200 pxl-col-none pxl-column-none\" data-id=\"46d344c\" data-element_type=\"column\" data-e-type=\"column\">\r\n        <div class=\"elementor-widget-wrap elementor-element-populated\">\r\n                     \r\n        \t\t<div class=\"elementor-element elementor-element-82983b6 elementor-widget elementor-widget-pxl_counter\" data-id=\"82983b6\" data-element_type=\"widget\" data-e-type=\"widget\" data-widget_type=\"pxl_counter.default\">\n\t\t\t\t<div class=\"elementor-widget-container\">\n\t\t\t\t\t<div class=\"pxl-counter pxl-counter1\" data-wow-delay=\"ms\">\r\n    <div class=\"pxl--item-inner\">\r\n        <div class=\"line-counter\">\r\n        <\/div>\r\n                    <div class=\"pxl-item--icon\">\r\n                <i aria-hidden=\"true\" class=\"flaticon flaticon-sprout-1\"><\/i>            <\/div>\r\n                        <div class=\"pxl--counter-number\">\r\n                        <span class=\"pxl--counter-value\" data-duration=\"2000\" data-to-value=\"100\" data-delimiter=\"\">1<\/span>\r\n                            <span class=\"pxl--counter-suffix\">%<\/span>\r\n                    <\/div>\r\n        <div class=\"pxl--item-title\">Dedicate<\/div>\r\n    <\/div>\r\n<\/div>\t\t\t\t<\/div>\n\t\t\t\t<\/div>\n\t\t            <\/div>\r\n        <\/div>\r\n                <div class=\"elementor-column elementor-col-25 elementor-top-column elementor-element elementor-element-e20f504 pxl_section_offset-none pxl-container-width-container-1200 pxl-col-none pxl-column-none\" data-id=\"e20f504\" data-element_type=\"column\" data-e-type=\"column\">\r\n        <div class=\"elementor-widget-wrap elementor-element-populated\">\r\n                     \r\n        \t\t<div class=\"elementor-element elementor-element-f98b513 elementor-widget elementor-widget-pxl_counter\" data-id=\"f98b513\" data-element_type=\"widget\" data-e-type=\"widget\" data-widget_type=\"pxl_counter.default\">\n\t\t\t\t<div class=\"elementor-widget-container\">\n\t\t\t\t\t<div class=\"pxl-counter pxl-counter1\" data-wow-delay=\"ms\">\r\n    <div class=\"pxl--item-inner\">\r\n        <div class=\"line-counter\">\r\n        <\/div>\r\n                    <div class=\"pxl-item--icon\">\r\n                <i aria-hidden=\"true\" class=\"flaticon flaticon-earth-1\"><\/i>            <\/div>\r\n                        <div class=\"pxl--counter-number\">\r\n                        <span class=\"pxl--counter-value\" data-duration=\"2000\" data-to-value=\"100\" data-delimiter=\"\">1<\/span>\r\n                            <span class=\"pxl--counter-suffix\">%<\/span>\r\n                    <\/div>\r\n        <div class=\"pxl--item-title\">Trust<\/div>\r\n    <\/div>\r\n<\/div>\t\t\t\t<\/div>\n\t\t\t\t<\/div>\n\t\t            <\/div>\r\n        <\/div>\r\n                <div class=\"elementor-column elementor-col-25 elementor-top-column elementor-element elementor-element-d488819 pxl_section_offset-none pxl-container-width-container-1200 pxl-col-none pxl-column-none\" data-id=\"d488819\" data-element_type=\"column\" data-e-type=\"column\" data-settings=\"{&quot;background_background&quot;:&quot;classic&quot;}\">\r\n        <div class=\"elementor-widget-wrap elementor-element-populated\">\r\n                     \r\n        \t\t<div class=\"elementor-element elementor-element-9c37976 elementor-widget elementor-widget-pxl_counter\" data-id=\"9c37976\" data-element_type=\"widget\" data-e-type=\"widget\" data-widget_type=\"pxl_counter.default\">\n\t\t\t\t<div class=\"elementor-widget-container\">\n\t\t\t\t\t<div class=\"pxl-counter pxl-counter1\" data-wow-delay=\"ms\">\r\n    <div class=\"pxl--item-inner\">\r\n        <div class=\"line-counter\">\r\n        <\/div>\r\n                    <div class=\"pxl-item--icon\">\r\n                <i aria-hidden=\"true\" class=\"flaticon flaticon-save-water\"><\/i>            <\/div>\r\n                        <div class=\"pxl--counter-number\">\r\n                        <span class=\"pxl--counter-value\" data-duration=\"2000\" data-to-value=\"100\" data-delimiter=\"\">1<\/span>\r\n                            <span class=\"pxl--counter-suffix\">%<\/span>\r\n                    <\/div>\r\n        <div class=\"pxl--item-title\">Quality<\/div>\r\n    <\/div>\r\n<\/div>\t\t\t\t<\/div>\n\t\t\t\t<\/div>\n\t\t            <\/div>\r\n        <\/div>\r\n                <div class=\"elementor-column elementor-col-25 elementor-top-column elementor-element elementor-element-d36a3d3 pxl_section_offset-none pxl-container-width-container-1200 pxl-col-none pxl-column-none\" data-id=\"d36a3d3\" data-element_type=\"column\" data-e-type=\"column\">\r\n        <div class=\"elementor-widget-wrap elementor-element-populated\">\r\n                     \r\n        \t\t<div class=\"elementor-element elementor-element-e4f1275 elementor-widget elementor-widget-pxl_counter\" data-id=\"e4f1275\" data-element_type=\"widget\" data-e-type=\"widget\" data-widget_type=\"pxl_counter.default\">\n\t\t\t\t<div class=\"elementor-widget-container\">\n\t\t\t\t\t<div class=\"pxl-counter pxl-counter1\" data-wow-delay=\"ms\">\r\n    <div class=\"pxl--item-inner\">\r\n        <div class=\"line-counter\">\r\n        <\/div>\r\n                    <div class=\"pxl-item--icon\">\r\n                <i aria-hidden=\"true\" class=\"flaticon flaticon-house-1\"><\/i>            <\/div>\r\n                        <div class=\"pxl--counter-number\">\r\n                        <span class=\"pxl--counter-value\" data-duration=\"2000\" data-to-value=\"100\" data-delimiter=\"\">1<\/span>\r\n                            <span class=\"pxl--counter-suffix\">%<\/span>\r\n                    <\/div>\r\n        <div class=\"pxl--item-title\">Transparency<\/div>\r\n    <\/div>\r\n<\/div>\t\t\t\t<\/div>\n\t\t\t\t<\/div>\n\t\t            <\/div>\r\n        <\/div>\r\n        \t\t\t<\/div>\n\t\t<\/section>\n\t\t\t\t<\/div>","protected":false},"excerpt":{"rendered":"<p>13 ANI EXPERIEN\u021a\u0102 Where solar meets alpine precision Inov\u0103m pentru un viitor sustenabil Povestea noastr\u0103 \u00eencepe cu pasiunea pentru energia solar\u0103 \u0219i dorin\u021ba noastr\u0103 de a simplifica vie\u021bile oamenilor, reduc\u00e2nd facturile la energie \u0219i contribuind la un viitor mai durabil. De la montarea primelor panouri fotovoltaice \u00een 2011 \u00een Germania, Olanda, Belgia \u0219i Rom\u00e2nia, am [&hellip;]<\/p>\n","protected":false},"author":48882156851217,"featured_media":0,"parent":0,"menu_order":0,"comment_status":"closed","ping_status":"closed","template":"","meta":{"footnotes":""},"class_list":["post-2785","page","type-page","status-publish","hentry"],"_links":{"self":[{"href":"https:\/\/alpinsun.ro\/en\/wp-json\/wp\/v2\/pages\/2785","targetHints":{"allow":["GET"]}}],"collection":[{"href":"https:\/\/alpinsun.ro\/en\/wp-json\/wp\/v2\/pages"}],"about":[{"href":"https:\/\/alpinsun.ro\/en\/wp-json\/wp\/v2\/types\/page"}],"author":[{"embeddable":true,"href":"https:\/\/alpinsun.ro\/en\/wp-json\/wp\/v2\/users\/48882156851217"}],"replies":[{"embeddable":true,"href":"https:\/\/alpinsun.ro\/en\/wp-json\/wp\/v2\/comments?post=2785"}],"version-history":[{"count":46,"href":"https:\/\/alpinsun.ro\/en\/wp-json\/wp\/v2\/pages\/2785\/revisions"}],"predecessor-version":[{"id":7639,"href":"https:\/\/alpinsun.ro\/en\/wp-json\/wp\/v2\/pages\/2785\/revisions\/7639"}],"wp:attachment":[{"href":"https:\/\/alpinsun.ro\/en\/wp-json\/wp\/v2\/media?parent=2785"}],"curies":[{"name":"wp","href":"https:\/\/api.w.org\/{rel}","templated":true}]}}