{"id":1573,"date":"2023-04-22T13:10:02","date_gmt":"2023-04-22T13:10:02","guid":{"rendered":"https:\/\/demo.bravisthemes.com\/soluris\/?page_id=1573"},"modified":"2024-06-10T21:43:05","modified_gmt":"2024-06-10T21:43:05","slug":"angajari","status":"publish","type":"page","link":"https:\/\/alpinsun.ro\/en\/angajari\/","title":{"rendered":"Jobs"},"content":{"rendered":"<div data-elementor-type=\"wp-page\" data-elementor-id=\"1573\" class=\"elementor elementor-1573\">\n\t\t\t\t        <section class=\"elementor-section elementor-top-section elementor-element elementor-element-f96ae61 elementor-section-stretched elementor-section-boxed elementor-section-height-default elementor-section-height-default pxl-type-header-none pxl-bg-color-none pxl-row-scroll-none\" data-id=\"f96ae61\" data-element_type=\"section\" data-e-type=\"section\" data-settings=\"{&quot;stretch_section&quot;:&quot;section-stretched&quot;}\">\n\n                \n                <div class=\"elementor-container elementor-column-gap-extended\">\n                <div class=\"elementor-column elementor-col-100 elementor-top-column elementor-element elementor-element-c000fef pxl_section_offset-none pxl-container-width-container-1200 pxl-col-none pxl-column-none\" data-id=\"c000fef\" data-element_type=\"column\" data-e-type=\"column\">\r\n        <div class=\"elementor-widget-wrap elementor-element-populated\">\r\n                     \r\n        \t\t<div class=\"elementor-element elementor-element-0c9268c elementor-widget elementor-widget-pxl_heading\" data-id=\"0c9268c\" data-element_type=\"widget\" data-e-type=\"widget\" data-widget_type=\"pxl_heading.default\">\n\t\t\t\t<div class=\"elementor-widget-container\">\n\t\t\t\t\t<div class=\"pxl-heading line-right\">\n\t<div class=\"pxl-heading--inner\">\n\t\t\t\t<h3 class=\"pxl-item--title  highlight-default\" data-wow-delay=\"ms\" >\n\t\tTogether we develop solutions for our customers\n\n\n\t\t\t\t\n\t\t<\/h3>\n\t<\/div>\n<\/div>\n\n\t\t\t\t<\/div>\n\t\t\t\t<\/div>\n\t\t\t\t<div class=\"elementor-element elementor-element-347242a elementor-widget elementor-widget-pxl_text_editor\" data-id=\"347242a\" data-element_type=\"widget\" data-e-type=\"widget\" data-widget_type=\"pxl_text_editor.default\">\n\t\t\t\t<div class=\"elementor-widget-container\">\n\t\t\t\t\t<div class=\"pxl-text-editor\">\n\t<div class=\"pxl-item--inner  ft-theme\" data-wow-delay=\"ms\">\n\t\t<p>We are looking for motivated individuals who want to be part of our team and contribute to a greener future. We offer job opportunities in various fields, from consulting and installation to design, maintenance and documentation. If you share our passion for a more sustainable future and are ready to make your contribution to this cause, we invite you to apply for available positions and become part of the Alpin Sun team.<\/p>\t<\/div>\n<\/div>\t\t\t\t<\/div>\n\t\t\t\t<\/div>\n\t\t\t\t<div class=\"elementor-element elementor-element-88c579e elementor-widget__width-initial elementor-widget-mobile__width-inherit elementor-widget elementor-widget-pxl_progressbar\" data-id=\"88c579e\" data-element_type=\"widget\" data-e-type=\"widget\" data-widget_type=\"pxl_progressbar.default\">\n\t\t\t\t<div class=\"elementor-widget-container\">\n\t\t\t\t\t    <div id=\"pxl_progressbar-88c579e-8610\" class=\"pxl-progressbar pxl-progressbar-1 default\">\n            <div class=\"progress-item elementor-repeater-item-d4645af\" >\n            <div class=\"progress-title-wrap row gx-10 justify-content-between\">\n                                    <div class=\"progress-title col\">Quality technology<\/div>\n                                <span class=\"progress-percentage\">100%<\/span>\n            <\/div>\n            <div class=\"progress-bar-wrap\">\n                <div class=\"progress-bound\"><\/div>\n                <div class=\"pxl-progress-bar\" role=\"progressbar\" aria-valuemin=\"0\" aria-valuemax=\"100\" data-valuetransitiongoal=\"100\"><\/div>\n            <\/div>\n        <\/div>\n            <div class=\"progress-item elementor-repeater-item-2c912fc\" >\n            <div class=\"progress-title-wrap row gx-10 justify-content-between\">\n                                    <div class=\"progress-title col\">Projects realized according to German standards<\/div>\n                                <span class=\"progress-percentage\">100%<\/span>\n            <\/div>\n            <div class=\"progress-bar-wrap\">\n                <div class=\"progress-bound\"><\/div>\n                <div class=\"pxl-progress-bar\" role=\"progressbar\" aria-valuemin=\"0\" aria-valuemax=\"100\" data-valuetransitiongoal=\"100\"><\/div>\n            <\/div>\n        <\/div>\n        <\/div>\n\t\t\t\t<\/div>\n\t\t\t\t<\/div>\n\t\t\t\t<div class=\"elementor-element elementor-element-e6f5361 elementor-widget__width-initial elementor-widget-mobile__width-inherit elementor-widget elementor-widget-pxl_progressbar\" data-id=\"e6f5361\" data-element_type=\"widget\" data-e-type=\"widget\" data-widget_type=\"pxl_progressbar.default\">\n\t\t\t\t<div class=\"elementor-widget-container\">\n\t\t\t\t\t    <div id=\"pxl_progressbar-e6f5361-3974\" class=\"pxl-progressbar pxl-progressbar-1 default\">\n            <div class=\"progress-item elementor-repeater-item-d4645af\" >\n            <div class=\"progress-title-wrap row gx-10 justify-content-between\">\n                                    <div class=\"progress-title col\">Dedication and patience<\/div>\n                                <span class=\"progress-percentage\">100%<\/span>\n            <\/div>\n            <div class=\"progress-bar-wrap\">\n                <div class=\"progress-bound\"><\/div>\n                <div class=\"pxl-progress-bar\" role=\"progressbar\" aria-valuemin=\"0\" aria-valuemax=\"100\" data-valuetransitiongoal=\"100\"><\/div>\n            <\/div>\n        <\/div>\n            <div class=\"progress-item elementor-repeater-item-2c912fc\" >\n            <div class=\"progress-title-wrap row gx-10 justify-content-between\">\n                                    <div class=\"progress-title col\">Reliable services<\/div>\n                                <span class=\"progress-percentage\">100%<\/span>\n            <\/div>\n            <div class=\"progress-bar-wrap\">\n                <div class=\"progress-bound\"><\/div>\n                <div class=\"pxl-progress-bar\" role=\"progressbar\" aria-valuemin=\"0\" aria-valuemax=\"100\" data-valuetransitiongoal=\"100\"><\/div>\n            <\/div>\n        <\/div>\n        <\/div>\n\t\t\t\t<\/div>\n\t\t\t\t<\/div>\n\t\t            <\/div>\r\n        <\/div>\r\n        \t\t\t<\/div>\n\t\t<\/section>\n\t\t        <section class=\"elementor-section elementor-top-section elementor-element elementor-element-cd7fb24 elementor-section-boxed elementor-section-height-default elementor-section-height-default pxl-type-header-none pxl-bg-color-none pxl-row-scroll-none\" data-id=\"cd7fb24\" data-element_type=\"section\" data-e-type=\"section\">\n\n                \n                <div class=\"elementor-container elementor-column-gap-default\">\n                <div class=\"elementor-column elementor-col-100 elementor-top-column elementor-element elementor-element-c13128b pxl_section_offset-none pxl-container-width-container-1200 pxl-col-none pxl-column-none\" data-id=\"c13128b\" data-element_type=\"column\" data-e-type=\"column\">\r\n        <div class=\"elementor-widget-wrap elementor-element-populated\">\r\n                     \r\n        \t\t<div class=\"elementor-element elementor-element-92baa80 elementor-invisible elementor-widget elementor-widget-pxl_heading\" data-id=\"92baa80\" data-element_type=\"widget\" data-e-type=\"widget\" data-settings=\"{&quot;_animation&quot;:&quot;fadeInDown&quot;}\" data-widget_type=\"pxl_heading.default\">\n\t\t\t\t<div class=\"elementor-widget-container\">\n\t\t\t\t\t<div class=\"pxl-heading inherit\">\n\t<div class=\"pxl-heading--inner\">\n\t\t\t\t\t<div class=\"pxl-item--subtitle default\" data-wow-delay=\"ms\">\n\t\t\t\t<div class=\"wrap-subtitle\">\n\t\t\t\t\t<span>Where solar meets alpine precision<\/span>\n\t\t\t\t<\/div>\n\t\t\t<\/div>\n\t\t\t\t<h3 class=\"pxl-item--title  highlight-default\" data-wow-delay=\"ms\" >\n\t\tJob opportunities\n\n\n\t\t\t\t\n\t\t<\/h3>\n\t<\/div>\n<\/div>\n\n\t\t\t\t<\/div>\n\t\t\t\t<\/div>\n\t\t\t\t<div class=\"elementor-element elementor-element-4c46b52 elementor-tabs-view-horizontal elementor-widget elementor-widget-tabs\" data-id=\"4c46b52\" data-element_type=\"widget\" data-e-type=\"widget\" data-widget_type=\"tabs.default\">\n\t\t\t\t<div class=\"elementor-widget-container\">\n\t\t\t\t\t\t\t<div class=\"elementor-tabs\">\n\t\t\t<div class=\"elementor-tabs-wrapper\" role=\"tablist\" >\n\t\t\t\t\t\t\t\t\t<div id=\"elementor-tab-title-7991\" class=\"elementor-tab-title elementor-tab-desktop-title\" aria-selected=\"true\" data-tab=\"1\" role=\"tab\" tabindex=\"0\" aria-controls=\"elementor-tab-content-7991\" aria-expanded=\"false\">Assembly Technician<\/div>\n\t\t\t\t\t\t\t\t\t<div id=\"elementor-tab-title-7992\" class=\"elementor-tab-title elementor-tab-desktop-title\" aria-selected=\"false\" data-tab=\"2\" role=\"tab\" tabindex=\"-1\" aria-controls=\"elementor-tab-content-7992\" aria-expanded=\"false\">Low Voltage Electrician<\/div>\n\t\t\t\t\t\t\t\t\t<div id=\"elementor-tab-title-7993\" class=\"elementor-tab-title elementor-tab-desktop-title\" aria-selected=\"false\" data-tab=\"3\" role=\"tab\" tabindex=\"-1\" aria-controls=\"elementor-tab-content-7993\" aria-expanded=\"false\">Project Manager<\/div>\n\t\t\t\t\t\t\t\t\t<div id=\"elementor-tab-title-7994\" class=\"elementor-tab-title elementor-tab-desktop-title\" aria-selected=\"false\" data-tab=\"4\" role=\"tab\" tabindex=\"-1\" aria-controls=\"elementor-tab-content-7994\" aria-expanded=\"false\">Unskilled worker<\/div>\n\t\t\t\t\t\t\t\t\t<div id=\"elementor-tab-title-7995\" class=\"elementor-tab-title elementor-tab-desktop-title\" aria-selected=\"false\" data-tab=\"5\" role=\"tab\" tabindex=\"-1\" aria-controls=\"elementor-tab-content-7995\" aria-expanded=\"false\">Machine Mechanic<\/div>\n\t\t\t\t\t\t\t<\/div>\n\t\t\t<div class=\"elementor-tabs-content-wrapper\" role=\"tablist\" aria-orientation=\"vertical\">\n\t\t\t\t\t\t\t\t\t<div class=\"elementor-tab-title elementor-tab-mobile-title\" aria-selected=\"true\" data-tab=\"1\" role=\"tab\" tabindex=\"0\" aria-controls=\"elementor-tab-content-7991\" aria-expanded=\"false\">Assembly Technician<\/div>\n\t\t\t\t\t<div id=\"elementor-tab-content-7991\" class=\"elementor-tab-content elementor-clearfix\" data-tab=\"1\" role=\"tabpanel\" aria-labelledby=\"elementor-tab-title-7991\" tabindex=\"0\" hidden=\"false\"><div class=\"pxl-item--title el-empty\"><strong>Photovoltaic panel mounting technician<\/strong><\/div><div>\u00a0<\/div><p><a>We are looking for a Photovoltaic Panel Mounter Technician to join our dynamic team. The Technician will be responsible for the installation and maintenance of photovoltaic systems, ensuring that they operate efficiently and to quality standards.<\/a><\/p><\/div>\n\t\t\t\t\t\t\t\t\t<div class=\"elementor-tab-title elementor-tab-mobile-title\" aria-selected=\"false\" data-tab=\"2\" role=\"tab\" tabindex=\"-1\" aria-controls=\"elementor-tab-content-7992\" aria-expanded=\"false\">Low Voltage Electrician<\/div>\n\t\t\t\t\t<div id=\"elementor-tab-content-7992\" class=\"elementor-tab-content elementor-clearfix\" data-tab=\"2\" role=\"tabpanel\" aria-labelledby=\"elementor-tab-title-7992\" tabindex=\"0\" hidden=\"hidden\"><div class=\"pxl-item--title el-empty\"><strong>Low Voltage Electrician<\/strong><\/div><div>\u00a0<\/div><p><a>Alpin Sun is seeking a Low Voltage Electrician to join our Solar Energy team. The Electrician will be responsible for installing and maintaining electrical equipment associated with photovoltaic systems, checking and testing, configuring and connecting equipment, diagnosing and troubleshooting faults, following safety regulations, etc.<\/a><\/p><\/div>\n\t\t\t\t\t\t\t\t\t<div class=\"elementor-tab-title elementor-tab-mobile-title\" aria-selected=\"false\" data-tab=\"3\" role=\"tab\" tabindex=\"-1\" aria-controls=\"elementor-tab-content-7993\" aria-expanded=\"false\">Project Manager<\/div>\n\t\t\t\t\t<div id=\"elementor-tab-content-7993\" class=\"elementor-tab-content elementor-clearfix\" data-tab=\"3\" role=\"tabpanel\" aria-labelledby=\"elementor-tab-title-7993\" tabindex=\"0\" hidden=\"hidden\"><div class=\"pxl-item--title el-empty\"><strong>Project Manager<\/strong><\/div><div>\u00a0<\/div><p><a>We are looking for a Project Manager to join our dynamic solar energy team. In this position, you will be responsible for coordinating and managing our solar projects from planning and implementation to completion and delivery, monitoring and managing project budget, identifying and managing project risks, etc.<\/a><\/p><\/div>\n\t\t\t\t\t\t\t\t\t<div class=\"elementor-tab-title elementor-tab-mobile-title\" aria-selected=\"false\" data-tab=\"4\" role=\"tab\" tabindex=\"-1\" aria-controls=\"elementor-tab-content-7994\" aria-expanded=\"false\">Unskilled worker<\/div>\n\t\t\t\t\t<div id=\"elementor-tab-content-7994\" class=\"elementor-tab-content elementor-clearfix\" data-tab=\"4\" role=\"tabpanel\" aria-labelledby=\"elementor-tab-title-7994\" tabindex=\"0\" hidden=\"hidden\"><div class=\"pxl-item--title el-empty\"><strong>Unskilled worker<\/strong><\/div><div>\u00a0<\/div><p><a>We are looking for an Unskilled Laborer eager to learn to join our team. In this position, you will be providing support on our solar projects, Handling and transporting materials and equipment, Cleaning and maintaining equipment, Adhering to safety standards and work procedures, Working closely with co-workers and supervisors.<\/a><\/p><\/div>\n\t\t\t\t\t\t\t\t\t<div class=\"elementor-tab-title elementor-tab-mobile-title\" aria-selected=\"false\" data-tab=\"5\" role=\"tab\" tabindex=\"-1\" aria-controls=\"elementor-tab-content-7995\" aria-expanded=\"false\">Machine Mechanic<\/div>\n\t\t\t\t\t<div id=\"elementor-tab-content-7995\" class=\"elementor-tab-content elementor-clearfix\" data-tab=\"5\" role=\"tabpanel\" aria-labelledby=\"elementor-tab-title-7995\" tabindex=\"0\" hidden=\"hidden\"><div class=\"pxl-item--title el-empty\"><strong>Machine Mechanic<\/strong><\/div><div>\u00a0<\/div><p><a>In the role of Equipment Mechanic, you will be responsible for the operation and maintenance of equipment required to install photovoltaic panels. This job involves more than simply repairing the machines, focusing on their correct and efficient use. You will regularly maintain the machinery to ensure optimal operation and safe operation. Main Responsibilities: -Operate project specific machines for PV panel mounting projects - Perform regular and preventive maintenance of machines to prevent breakdowns -Diagnose and fix minor technical problems - Ensure safe and efficient use of the equipment -Work with the team to optimize installation processes.<\/a><\/p><\/div>\n\t\t\t\t\t\t\t<\/div>\n\t\t<\/div>\n\t\t\t\t\t\t<\/div>\n\t\t\t\t<\/div>\n\t\t            <\/div>\r\n        <\/div>\r\n        \t\t\t<\/div>\n\t\t<\/section>\n\t\t        <section class=\"elementor-section elementor-top-section elementor-element elementor-element-4ccc75e elementor-section-boxed elementor-section-height-default elementor-section-height-default pxl-type-header-none pxl-bg-color-none pxl-row-scroll-none\" data-id=\"4ccc75e\" data-element_type=\"section\" data-e-type=\"section\">\n\n                \n                <div class=\"elementor-container elementor-column-gap-default\">\n                <div class=\"elementor-column elementor-col-100 elementor-top-column elementor-element elementor-element-74f79d4 pxl_section_offset-none pxl-container-width-container-1200 pxl-col-none pxl-column-none\" data-id=\"74f79d4\" data-element_type=\"column\" data-e-type=\"column\">\r\n        <div class=\"elementor-widget-wrap elementor-element-populated\">\r\n                     \r\n        \t\t<div class=\"elementor-element elementor-element-9c07c54 elementor-widget elementor-widget-heading\" data-id=\"9c07c54\" data-element_type=\"widget\" data-e-type=\"widget\" data-widget_type=\"heading.default\">\n\t\t\t\t<div class=\"elementor-widget-container\">\n\t\t\t\t\t<h2 class=\"elementor-heading-title elementor-size-default\">Send us your CV!<\/h2>\t\t\t\t<\/div>\n\t\t\t\t<\/div>\n\t\t        <section class=\"elementor-section elementor-inner-section elementor-element elementor-element-32c58db elementor-section-boxed elementor-section-height-default elementor-section-height-default pxl-type-header-none pxl-bg-color-none pxl-row-scroll-none\" data-id=\"32c58db\" data-element_type=\"section\" data-e-type=\"section\" data-settings=\"{&quot;background_background&quot;:&quot;classic&quot;}\">\n\n                \n                <div class=\"elementor-container elementor-column-gap-default\">\n                <div class=\"elementor-column elementor-col-50 elementor-inner-column elementor-element elementor-element-8a039a4 pxl_section_offset-none pxl-container-width-container-1200 pxl-col-none pxl-column-none\" data-id=\"8a039a4\" data-element_type=\"column\" data-e-type=\"column\">\r\n        <div class=\"elementor-widget-wrap elementor-element-populated\">\r\n                     \r\n        \t\t<div class=\"elementor-element elementor-element-52ecf3d elementor-widget elementor-widget-pxl_contact_form\" data-id=\"52ecf3d\" data-element_type=\"widget\" data-e-type=\"widget\" data-widget_type=\"pxl_contact_form.default\">\n\t\t\t\t<div class=\"elementor-widget-container\">\n\t\t\t\t\t    <div class=\"pxl-contact-form pxl-contact-form1 button-style1 btn-w-auto\" data-wow-delay=\"ms\">\r\n        \n<div class=\"wpcf7 no-js\" id=\"wpcf7-f6190-o1\" lang=\"en-US\" dir=\"ltr\" data-wpcf7-id=\"6190\">\n<div class=\"screen-reader-response\"><p role=\"status\" aria-live=\"polite\" aria-atomic=\"true\"><\/p> <ul><\/ul><\/div>\n<form action=\"\/en\/wp-json\/wp\/v2\/pages\/1573#wpcf7-f6190-o1\" method=\"post\" class=\"wpcf7-form init\" aria-label=\"Contact form\" novalidate=\"novalidate\" data-status=\"init\" data-trp-original-action=\"\/en\/wp-json\/wp\/v2\/pages\/1573#wpcf7-f6190-o1\">\n<fieldset class=\"hidden-fields-container\"><input type=\"hidden\" name=\"_wpcf7\" value=\"6190\" \/><input type=\"hidden\" name=\"_wpcf7_version\" value=\"6.1.5\" \/><input type=\"hidden\" name=\"_wpcf7_locale\" value=\"en_US\" \/><input type=\"hidden\" name=\"_wpcf7_unit_tag\" value=\"wpcf7-f6190-o1\" \/><input type=\"hidden\" name=\"_wpcf7_container_post\" value=\"0\" \/><input type=\"hidden\" name=\"_wpcf7_posted_data_hash\" value=\"\" \/><input type=\"hidden\" name=\"_wpcf7_recaptcha_response\" value=\"\" \/>\n<\/fieldset>\n<div class=\"uacf7-form-wrapper-container uacf7-form-6190\"><div class=\"wp-row-ctf7 contact-form-home7\">\n    <div class=\"row input-contact\">\n        <div class=\"col-xl-6 col-lg-6 col-md-6 col-sm-12 input-name\">\n            <div class=\"input-filled\"><span class=\"wpcf7-form-control-wrap\" data-name=\"your-name\"><input size=\"40\" maxlength=\"400\" class=\"wpcf7-form-control wpcf7-text wpcf7-validates-as-required\" aria-required=\"true\" aria-invalid=\"false\" placeholder=\"Full Name\" value=\"\" type=\"text\" name=\"your-name\" \/><\/span><\/div>\n        <\/div>\n        <div class=\"col-xl-6 col-lg-6 col-md-6 col-sm-12 input-phone\">\n            <div class=\"input-filled\"><span class=\"wpcf7-form-control-wrap\" data-name=\"your-phone\"><input size=\"40\" maxlength=\"400\" class=\"wpcf7-form-control wpcf7-tel wpcf7-validates-as-required wpcf7-text wpcf7-validates-as-tel\" aria-required=\"true\" aria-invalid=\"false\" placeholder=\"Phone\" value=\"\" type=\"tel\" name=\"your-phone\" \/><\/span><\/div>\n        <\/div>\n        <div class=\"col-xl-6 col-lg-6 col-md-6 col-sm-12 input-email\">\n            <div class=\"input-filled\"><span class=\"wpcf7-form-control-wrap\" data-name=\"your-email\"><input size=\"40\" maxlength=\"400\" class=\"wpcf7-form-control wpcf7-email wpcf7-validates-as-required wpcf7-text wpcf7-validates-as-email\" aria-required=\"true\" aria-invalid=\"false\" placeholder=\"Email\" value=\"\" type=\"email\" name=\"your-email\" \/><\/span><\/div>\n        <\/div>\n        \n        <div class=\"col-xl-6 col-lg-6 col-md-6 col-sm-12 input-subject\">\n            <div class=\"input-filled\"><span class=\"wpcf7-form-control-wrap\" data-name=\"your-subject\"><input size=\"40\" maxlength=\"400\" class=\"wpcf7-form-control wpcf7-text wpcf7-validates-as-required\" aria-required=\"true\" aria-invalid=\"false\" placeholder=\"Subject\" value=\"\" type=\"text\" name=\"your-subject\" \/><\/span><\/div>\n        <\/div>\n        <div class=\"col-xl-12 col-lg-12 col-md-12 col-sm-12 input-text-area\">\n            <div class=\"input-filled\"><span class=\"wpcf7-form-control-wrap\" data-name=\"your-message\"><textarea cols=\"40\" rows=\"10\" maxlength=\"2000\" class=\"wpcf7-form-control wpcf7-textarea wpcf7-validates-as-required\" aria-required=\"true\" aria-invalid=\"false\" placeholder=\"Message\" name=\"your-message\"><\/textarea><\/span><\/div>\n        <\/div>\n        <div class=\"col-xl-12 col-lg-12 col-md-12 col-sm-12 submit-form btn-input\">\n            <button type=\"submit\" class=\"btn btn-secondary pxl-wobble\" data-animation=\"pxl-xspin\">Send<\/button>\n        <\/div> \n    <\/div>\n<\/div><\/div><div class=\"wpcf7-response-output\" aria-hidden=\"true\"><\/div>\n<input type=\"hidden\" name=\"trp-form-language\" value=\"en\"\/><\/form>\n<\/div>\n    <\/div>\r\n\t\t\t\t<\/div>\n\t\t\t\t<\/div>\n\t\t            <\/div>\r\n        <\/div>\r\n                <div class=\"elementor-column elementor-col-50 elementor-inner-column elementor-element elementor-element-1f31d98 pxl_section_offset-none pxl-container-width-container-1200 pxl-col-none pxl-column-none\" data-id=\"1f31d98\" data-element_type=\"column\" data-e-type=\"column\">\r\n        <div class=\"elementor-widget-wrap elementor-element-populated\">\r\n                     \r\n        \t\t<div class=\"elementor-element elementor-element-d48e7f3 elementor-widget elementor-widget-pxl_text_editor\" data-id=\"d48e7f3\" data-element_type=\"widget\" data-e-type=\"widget\" data-widget_type=\"pxl_text_editor.default\">\n\t\t\t\t<div class=\"elementor-widget-container\">\n\t\t\t\t\t<div class=\"pxl-text-editor\">\n\t<div class=\"pxl-item--inner  ft-theme\" data-wow-delay=\"ms\">\n\t\t<p>Contact us<\/p><p><a href=\"tel:0734923040\"><span class=\"elementor-icon-list-text\">0734 923 040<\/span><\/a><\/p>\t<\/div>\n<\/div>\t\t\t\t<\/div>\n\t\t\t\t<\/div>\n\t\t\t\t<div class=\"elementor-element elementor-element-90ff76b elementor-widget elementor-widget-pxl_text_editor\" data-id=\"90ff76b\" data-element_type=\"widget\" data-e-type=\"widget\" data-widget_type=\"pxl_text_editor.default\">\n\t\t\t\t<div class=\"elementor-widget-container\">\n\t\t\t\t\t<div class=\"pxl-text-editor\">\n\t<div class=\"pxl-item--inner  ft-theme\" data-wow-delay=\"ms\">\n\t\t<p>Email us<\/p><p><a href=\"mailto:contact@alpinsun.ro\">contact@alpinsun.ro<\/a><\/p>\t<\/div>\n<\/div>\t\t\t\t<\/div>\n\t\t\t\t<\/div>\n\t\t\t\t<div class=\"elementor-element elementor-element-c242650 elementor-widget elementor-widget-pxl_text_editor\" data-id=\"c242650\" data-element_type=\"widget\" data-e-type=\"widget\" data-widget_type=\"pxl_text_editor.default\">\n\t\t\t\t<div class=\"elementor-widget-container\">\n\t\t\t\t\t<div class=\"pxl-text-editor\">\n\t<div class=\"pxl-item--inner  ft-theme\" data-wow-delay=\"ms\">\n\t\t\t<\/div>\n<\/div>\t\t\t\t<\/div>\n\t\t\t\t<\/div>\n\t\t\t\t<div class=\"elementor-element elementor-element-4f97783 elementor-widget elementor-widget-pxl_icon\" data-id=\"4f97783\" data-element_type=\"widget\" data-e-type=\"widget\" data-widget_type=\"pxl_icon.default\">\n\t\t\t\t<div class=\"elementor-widget-container\">\n\t\t\t\t\t    <div class=\"pxl-icon1 hv-style-default style-round-box-1\" data-wow-delay=\"ms\">\r\n                                    <a class=\"elementor-repeater-item-3520bf4\" href=\"https:\/\/www.facebook.com\/alpinsun.ro\">\r\n                    <i aria-hidden=\"true\" class=\"caseicon caseicon-facebook\"><\/i>                <\/a>\r\n                                                            <a class=\"elementor-repeater-item-9c5dc9d\" href=\"https:\/\/www.instagram.com\/alpin.sun.romania\/\" rel=\"nofollow noopener\" target=\"_blank\">\r\n                    <i aria-hidden=\"true\" class=\"caseicon caseicon-instagram\"><\/i>                <\/a>\r\n                                                            <a class=\"elementor-repeater-item-3aa71bd\" href=\"https:\/\/api.whatsapp.com\/send\/?phone=40734923040\" rel=\"nofollow noopener\" target=\"_blank\">\r\n                    <i aria-hidden=\"true\" class=\"fab fa-whatsapp\"><\/i>                <\/a>\r\n                                                            <a class=\"elementor-repeater-item-cf7312d\" href=\"https:\/\/www.google.com\/maps\/place\/Alpin+Sun+Romania\/@30.4993924,-11.8659749,3z\/data=!3m1!4b1!4m6!3m5!1s0x208fc46126bca2b7:0x45ee1a24b7cc2c62!8m2!3d38.8565069!4d31.1529213!16s%2Fg%2F11vm5trb91?entry=ttu\" rel=\"nofollow noopener\" target=\"_blank\">\r\n                    <i aria-hidden=\"true\" class=\"fab fa-google\"><\/i>                <\/a>\r\n                                    <\/div>\r\n\t\t\t\t<\/div>\n\t\t\t\t<\/div>\n\t\t            <\/div>\r\n        <\/div>\r\n        \t\t\t<\/div>\n\t\t<\/section>\n\t\t            <\/div>\r\n        <\/div>\r\n        \t\t\t<\/div>\n\t\t<\/section>\n\t\t\t\t<\/div>","protected":false},"excerpt":{"rendered":"<p>\u00cempreun\u0103 dezvolt\u0103m solu\u021bii pentru clien\u021bii no\u0219tri Suntem \u00een c\u0103utarea persoanelor motivate care s\u0103-\u0219i doreasc\u0103 s\u0103 fac\u0103 parte din echipa noastr\u0103 \u0219i s\u0103 contribuie la un viitor mai verde. Oferim oportunit\u0103\u021bi de angajare \u00een diverse domenii, de la consultan\u021b\u0103 \u0219i montare la proiectare, mentenan\u021b\u0103 \u0219i documenta\u021bie. Dac\u0103 \u00eemp\u0103rt\u0103\u0219e\u0219ti pasiunea noastr\u0103 pentru un viitor mai sustenabil \u0219i [&hellip;]<\/p>\n","protected":false},"author":48882156851217,"featured_media":0,"parent":0,"menu_order":0,"comment_status":"closed","ping_status":"closed","template":"","meta":{"footnotes":""},"class_list":["post-1573","page","type-page","status-publish","hentry"],"_links":{"self":[{"href":"https:\/\/alpinsun.ro\/en\/wp-json\/wp\/v2\/pages\/1573","targetHints":{"allow":["GET"]}}],"collection":[{"href":"https:\/\/alpinsun.ro\/en\/wp-json\/wp\/v2\/pages"}],"about":[{"href":"https:\/\/alpinsun.ro\/en\/wp-json\/wp\/v2\/types\/page"}],"author":[{"embeddable":true,"href":"https:\/\/alpinsun.ro\/en\/wp-json\/wp\/v2\/users\/48882156851217"}],"replies":[{"embeddable":true,"href":"https:\/\/alpinsun.ro\/en\/wp-json\/wp\/v2\/comments?post=1573"}],"version-history":[{"count":118,"href":"https:\/\/alpinsun.ro\/en\/wp-json\/wp\/v2\/pages\/1573\/revisions"}],"predecessor-version":[{"id":7491,"href":"https:\/\/alpinsun.ro\/en\/wp-json\/wp\/v2\/pages\/1573\/revisions\/7491"}],"wp:attachment":[{"href":"https:\/\/alpinsun.ro\/en\/wp-json\/wp\/v2\/media?parent=1573"}],"curies":[{"name":"wp","href":"https:\/\/api.w.org\/{rel}","templated":true}]}}